{"id":1000,"date":"2025-02-23T16:07:55","date_gmt":"2025-02-23T21:07:55","guid":{"rendered":"https:\/\/gruponova.com.mx\/?page_id=1000"},"modified":"2025-03-07T12:12:29","modified_gmt":"2025-03-07T17:12:29","slug":"desarrollo-inmobiliario","status":"publish","type":"page","link":"https:\/\/gruponova.com.mx\/en\/desarrollo-inmobiliario\/","title":{"rendered":"Real Estate Development"},"content":{"rendered":"<div data-elementor-type=\"wp-page\" data-elementor-id=\"1000\" class=\"elementor elementor-1000\">\n\t\t\t\t<div class=\"elementor-element elementor-element-3b6ac287 e-flex e-con-boxed e-con e-parent\" data-id=\"3b6ac287\" data-element_type=\"container\" data-settings=\"{&quot;background_background&quot;:&quot;classic&quot;}\">\n\t\t\t\t\t<div class=\"e-con-inner\">\n\t\t\t\t<div class=\"elementor-element elementor-element-7bdf8ab4 elementor-widget elementor-widget-heading\" data-id=\"7bdf8ab4\" data-element_type=\"widget\" data-widget_type=\"heading.default\">\n\t\t\t\t<div class=\"elementor-widget-container\">\n\t\t\t\t\t<h1 class=\"elementor-heading-title elementor-size-default\">Real Estate Development<\/h1>\t\t\t\t<\/div>\n\t\t\t\t<\/div>\n\t\t\t\t<div class=\"elementor-element elementor-element-1a3f7115 elementor-widget elementor-widget-heading\" data-id=\"1a3f7115\" data-element_type=\"widget\" data-widget_type=\"heading.default\">\n\t\t\t\t<div class=\"elementor-widget-container\">\n\t\t\t\t\t<h5 class=\"elementor-heading-title elementor-size-default\">We transform ideas into tangible realities<\/h5>\t\t\t\t<\/div>\n\t\t\t\t<\/div>\n\t\t\t\t\t<\/div>\n\t\t\t\t<\/div>\n\t\t<div class=\"elementor-element elementor-element-1ea91baf e-con-full e-flex e-con e-parent\" data-id=\"1ea91baf\" data-element_type=\"container\" data-settings=\"{&quot;background_background&quot;:&quot;classic&quot;}\">\n\t\t<div class=\"elementor-element elementor-element-52e82145 e-con-full e-flex e-con e-child\" data-id=\"52e82145\" data-element_type=\"container\">\n\t\t\t\t<div class=\"elementor-element elementor-element-768c1e60 elementor-widget elementor-widget-heading\" data-id=\"768c1e60\" data-element_type=\"widget\" data-widget_type=\"heading.default\">\n\t\t\t\t<div class=\"elementor-widget-container\">\n\t\t\t\t\t<h2 class=\"elementor-heading-title elementor-size-default\">We lead your project with precision and strategy\n<\/h2>\t\t\t\t<\/div>\n\t\t\t\t<\/div>\n\t\t\t\t<div class=\"elementor-element elementor-element-580b7287 elementor-widget elementor-widget-text-editor\" data-id=\"580b7287\" data-element_type=\"widget\" data-widget_type=\"text-editor.default\">\n\t\t\t\t<div class=\"elementor-widget-container\">\n\t\t\t\t\t\t\t\t\t<p data-start=\"471\" data-end=\"733\">In <strong data-start=\"474\" data-end=\"488\">Grupo <\/strong><strong data-start=\"474\" data-end=\"488\">Nova<\/strong>, we offer a comprehensive approach to the <strong data-start=\"528\" data-end=\"568\">planning, management and supervision<\/strong> real estate projects. From the conception of the idea to final delivery, we guarantee efficiency, resource optimization, and regulatory compliance.<\/p><p data-start=\"735\" data-end=\"995\">Let&#039;s talk about your project today.<\/p>\t\t\t\t\t\t\t\t<\/div>\n\t\t\t\t<\/div>\n\t\t\t\t<\/div>\n\t\t<div class=\"elementor-element elementor-element-540e0e49 e-con-full e-flex e-con e-child\" data-id=\"540e0e49\" data-element_type=\"container\">\n\t\t\t\t<div class=\"elementor-element elementor-element-767b7527 elementor-widget elementor-widget-image\" data-id=\"767b7527\" data-element_type=\"widget\" data-widget_type=\"image.default\">\n\t\t\t\t<div class=\"elementor-widget-container\">\n\t\t\t\t\t\t\t\t\t\t\t\t\t\t\t<img fetchpriority=\"high\" decoding=\"async\" width=\"963\" height=\"343\" src=\"https:\/\/gruponova.com.mx\/wp-content\/uploads\/2025\/02\/Logotipo-Editable-1-1.png\" class=\"attachment-large size-large wp-image-75\" alt=\"\" srcset=\"https:\/\/gruponova.com.mx\/wp-content\/uploads\/2025\/02\/Logotipo-Editable-1-1.png 963w, https:\/\/gruponova.com.mx\/wp-content\/uploads\/2025\/02\/Logotipo-Editable-1-1-600x214.png 600w, https:\/\/gruponova.com.mx\/wp-content\/uploads\/2025\/02\/Logotipo-Editable-1-1-300x107.png 300w, https:\/\/gruponova.com.mx\/wp-content\/uploads\/2025\/02\/Logotipo-Editable-1-1-768x274.png 768w\" sizes=\"(max-width: 963px) 100vw, 963px\" \/>\t\t\t\t\t\t\t\t\t\t\t\t\t\t\t<\/div>\n\t\t\t\t<\/div>\n\t\t\t\t<\/div>\n\t\t\t\t<\/div>\n\t\t<div class=\"elementor-element elementor-element-4573cba0 e-con-full e-flex e-con e-parent\" data-id=\"4573cba0\" data-element_type=\"container\" data-settings=\"{&quot;background_background&quot;:&quot;classic&quot;}\">\n\t\t<div class=\"elementor-element elementor-element-5340a7d7 e-con-full e-flex e-con e-child\" data-id=\"5340a7d7\" data-element_type=\"container\">\n\t\t\t\t<div class=\"elementor-element elementor-element-6f03f34f elementor-widget elementor-widget-text-editor\" data-id=\"6f03f34f\" data-element_type=\"widget\" data-widget_type=\"text-editor.default\">\n\t\t\t\t<div class=\"elementor-widget-container\">\n\t\t\t\t\t\t\t\t\t<p data-start=\"1142\" data-end=\"1171\"><strong data-start=\"1146\" data-end=\"1169\">Why choose us?<\/strong><\/p><p data-start=\"1172\" data-end=\"1550\"><span data-start=\"1175\" data-end=\"1199\">&#8211; <\/span><strong data-start=\"1175\" data-end=\"1199\">Risk reduction<\/strong>: Avoid cost overruns and delays with a well-structured action plan.<br data-start=\"1270\" data-end=\"1273\" \/><span data-start=\"1276\" data-end=\"1298\">&#8211; <\/span><strong data-start=\"1276\" data-end=\"1298\">Greater profitability<\/strong>: We optimize each phase of the project to maximize investment.<br data-start=\"1363\" data-end=\"1366\" \/><span data-start=\"1369\" data-end=\"1398\">&#8211; <\/span><strong data-start=\"1369\" data-end=\"1398\">Specialized supervision<\/strong>: A team of experts monitors every detail.<br data-start=\"1445\" data-end=\"1448\" \/><span data-start=\"1451\" data-end=\"1477\">&#8211; <\/span><strong data-start=\"1451\" data-end=\"1477\">Regulatory compliance<\/strong>: We make sure everything is in order with permits and regulations.<\/p><p data-start=\"1552\" data-end=\"1618\"><strong data-start=\"1555\" data-end=\"1616\">Guaranteed results with Grupo Nova&#039;s experience.<\/strong><\/p>\t\t\t\t\t\t\t\t<\/div>\n\t\t\t\t<\/div>\n\t\t\t\t<\/div>\n\t\t<div class=\"elementor-element elementor-element-18213d8 e-con-full e-flex e-con e-child\" data-id=\"18213d8\" data-element_type=\"container\">\n\t\t\t\t<div class=\"elementor-element elementor-element-49e1d33e elementor-widget elementor-widget-heading\" data-id=\"49e1d33e\" data-element_type=\"widget\" data-widget_type=\"heading.default\">\n\t\t\t\t<div class=\"elementor-widget-container\">\n\t\t\t\t\t<h2 class=\"elementor-heading-title elementor-size-default\">Benefits of Our Services<\/h2>\t\t\t\t<\/div>\n\t\t\t\t<\/div>\n\t\t\t\t<\/div>\n\t\t\t\t<\/div>\n\t\t<div class=\"elementor-element elementor-element-585be24b e-con-full e-flex e-con e-parent\" data-id=\"585be24b\" data-element_type=\"container\" data-settings=\"{&quot;background_background&quot;:&quot;classic&quot;}\">\n\t\t<div class=\"elementor-element elementor-element-33ad5b04 e-con-full e-flex e-con e-child\" data-id=\"33ad5b04\" data-element_type=\"container\">\n\t\t\t\t<div class=\"elementor-element elementor-element-368834c9 elementor-widget elementor-widget-heading\" data-id=\"368834c9\" data-element_type=\"widget\" data-widget_type=\"heading.default\">\n\t\t\t\t<div class=\"elementor-widget-container\">\n\t\t\t\t\t<h2 class=\"elementor-heading-title elementor-size-default\">Our Methodology<\/h2>\t\t\t\t<\/div>\n\t\t\t\t<\/div>\n\t\t<div class=\"elementor-element elementor-element-7db5f6c1 e-con-full e-flex e-con e-child\" data-id=\"7db5f6c1\" data-element_type=\"container\">\n\t\t\t\t<div class=\"elementor-element elementor-element-c8f89b7 elementor-position-top elementor-position-top elementor-widget elementor-widget-image-box\" data-id=\"c8f89b7\" data-element_type=\"widget\" data-widget_type=\"image-box.default\">\n\t\t\t\t<div class=\"elementor-widget-container\">\n\t\t\t\t\t<div class=\"elementor-image-box-wrapper\"><figure class=\"elementor-image-box-img\"><img decoding=\"async\" src=\"https:\/\/gruponova.com.mx\/wp-content\/uploads\/elementor\/thumbs\/gente-negocios-disenador-arquitectos-trabajo-equipo-lluvia-ideas-planificacion-oficina-reunion-ai-generado_994744-275-r28iqbxfjok7c23u9sy5zobwh7sykeebv5kvr1rjig.jpg\" title=\"people-business-designer-architects-teamwork-brainstorming-planning-office-meeting-AI-generated_994744-275\" alt=\"gente-negocios-disenador-arquitectos-trabajo-equipo-lluvia-ideas-planificacion-oficina-reunion-ai-generado_994744-275\" loading=\"lazy\" \/><\/figure><div class=\"elementor-image-box-content\"><h3 class=\"elementor-image-box-title\">1\ufe0f\u20e3 Analysis and planning<\/h3><p class=\"elementor-image-box-description\">We evaluate the feasibility of the project and structure a detailed plan.<\/p><\/div><\/div>\t\t\t\t<\/div>\n\t\t\t\t<\/div>\n\t\t\t\t<div class=\"elementor-element elementor-element-572861dc elementor-position-top elementor-position-top elementor-widget elementor-widget-image-box\" data-id=\"572861dc\" data-element_type=\"widget\" data-widget_type=\"image-box.default\">\n\t\t\t\t<div class=\"elementor-widget-container\">\n\t\t\t\t\t<div class=\"elementor-image-box-wrapper\"><figure class=\"elementor-image-box-img\"><img decoding=\"async\" src=\"https:\/\/gruponova.com.mx\/wp-content\/uploads\/elementor\/thumbs\/Diseno-sin-titulo-17-r2h49c5grwhvny9nxxh499z213cfeycyvwxtqlx2mg.jpg\" title=\"Untitled Design (17)\" alt=\"Dise\u00f1o sin t\u00edtulo (17)\" loading=\"lazy\" \/><\/figure><div class=\"elementor-image-box-content\"><h3 class=\"elementor-image-box-title\">2\ufe0f\u20e3 Operational management<\/h3><p class=\"elementor-image-box-description\">We coordinate with specialists to ensure smooth execution.<\/p><\/div><\/div>\t\t\t\t<\/div>\n\t\t\t\t<\/div>\n\t\t\t\t<div class=\"elementor-element elementor-element-5b3af9e1 elementor-position-top elementor-position-top elementor-widget elementor-widget-image-box\" data-id=\"5b3af9e1\" data-element_type=\"widget\" data-widget_type=\"image-box.default\">\n\t\t\t\t<div class=\"elementor-widget-container\">\n\t\t\t\t\t<div class=\"elementor-image-box-wrapper\"><figure class=\"elementor-image-box-img\"><img decoding=\"async\" src=\"https:\/\/gruponova.com.mx\/wp-content\/uploads\/elementor\/thumbs\/Diseno-sin-titulo-15-r2h41vbmha9vfh45jp9tg5t84w5g9ipqiycyhgzo20.jpg\" title=\"Untitled Design (15)\" alt=\"Dise\u00f1o sin t\u00edtulo (15)\" loading=\"lazy\" \/><\/figure><div class=\"elementor-image-box-content\"><h3 class=\"elementor-image-box-title\">3\ufe0f\u20e3 Supervision and control<\/h3><p class=\"elementor-image-box-description\">We monitor every stage, ensuring quality and efficiency.<\/p><\/div><\/div>\t\t\t\t<\/div>\n\t\t\t\t<\/div>\n\t\t\t\t<div class=\"elementor-element elementor-element-1c440527 elementor-position-top elementor-position-top elementor-widget elementor-widget-image-box\" data-id=\"1c440527\" data-element_type=\"widget\" data-widget_type=\"image-box.default\">\n\t\t\t\t<div class=\"elementor-widget-container\">\n\t\t\t\t\t<div class=\"elementor-image-box-wrapper\"><figure class=\"elementor-image-box-img\"><img decoding=\"async\" src=\"https:\/\/gruponova.com.mx\/wp-content\/uploads\/elementor\/thumbs\/img82-r2btomzblipstlteluryk1tkekuwaguymlufj0cg3s.jpg\" title=\"img82\" alt=\"img82\" loading=\"lazy\" \/><\/figure><div class=\"elementor-image-box-content\"><h3 class=\"elementor-image-box-title\">4\ufe0f\u20e3 Delivery and optimization<\/h3><p class=\"elementor-image-box-description\">We conclude with strategic adjustments for the best outcome.<\/p><\/div><\/div>\t\t\t\t<\/div>\n\t\t\t\t<\/div>\n\t\t\t\t<\/div>\n\t\t\t\t<\/div>\n\t\t\t\t<\/div>\n\t\t<div class=\"elementor-element elementor-element-122ce1fe e-con-full e-flex e-con e-parent\" data-id=\"122ce1fe\" data-element_type=\"container\" data-settings=\"{&quot;background_background&quot;:&quot;classic&quot;}\">\n\t\t\t\t<div class=\"elementor-element elementor-element-1d4697f5 elementor-widget elementor-widget-heading\" data-id=\"1d4697f5\" data-element_type=\"widget\" data-widget_type=\"heading.default\">\n\t\t\t\t<div class=\"elementor-widget-container\">\n\t\t\t\t\t<h3 class=\"elementor-heading-title elementor-size-default\">Ready to make your real estate project a reality?<\/h3>\t\t\t\t<\/div>\n\t\t\t\t<\/div>\n\t\t\t\t<div class=\"elementor-element elementor-element-450c930c elementor-widget elementor-widget-text-editor\" data-id=\"450c930c\" data-element_type=\"widget\" data-widget_type=\"text-editor.default\">\n\t\t\t\t<div class=\"elementor-widget-container\">\n\t\t\t\t\t\t\t\t\t<p><strong data-start=\"2249\" data-end=\"2298\">At Grupo Nova, we manage your development with a clear and effective strategy.<\/strong><br \/>Consult with our experts today<\/p>\t\t\t\t\t\t\t\t<\/div>\n\t\t\t\t<\/div>\n\t\t\t\t<div class=\"elementor-element elementor-element-56b3d2fc elementor-mobile-align-center elementor-align-center elementor-widget elementor-widget-button\" data-id=\"56b3d2fc\" data-element_type=\"widget\" data-widget_type=\"button.default\">\n\t\t\t\t<div class=\"elementor-widget-container\">\n\t\t\t\t\t\t\t\t\t<div class=\"elementor-button-wrapper\">\n\t\t\t\t\t<a class=\"elementor-button elementor-button-link elementor-size-sm\" href=\"https:\/\/wa.link\/q2ukv6\">\n\t\t\t\t\t\t<span class=\"elementor-button-content-wrapper\">\n\t\t\t\t\t\t\t\t\t<span class=\"elementor-button-text\">Request an Appointment<\/span>\n\t\t\t\t\t<\/span>\n\t\t\t\t\t<\/a>\n\t\t\t\t<\/div>\n\t\t\t\t\t\t\t\t<\/div>\n\t\t\t\t<\/div>\n\t\t\t\t<\/div>\n\t\t\t\t<\/div>","protected":false},"excerpt":{"rendered":"<p>Desarrollo Inmobiliario Transformamos ideas en realidades tangibles Lideramos tu proyecto con precisi\u00f3n y estrategia En Grupo Nova, ofrecemos un enfoque integral para la planificaci\u00f3n, gesti\u00f3n y supervisi\u00f3n de proyectos inmobiliarios.&hellip;<\/p>","protected":false},"author":1,"featured_media":0,"parent":0,"menu_order":0,"comment_status":"closed","ping_status":"closed","template":"elementor_header_footer","meta":{"content-type":"","footnotes":""},"class_list":["post-1000","page","type-page","status-publish","hentry"],"_links":{"self":[{"href":"https:\/\/gruponova.com.mx\/en\/wp-json\/wp\/v2\/pages\/1000","targetHints":{"allow":["GET"]}}],"collection":[{"href":"https:\/\/gruponova.com.mx\/en\/wp-json\/wp\/v2\/pages"}],"about":[{"href":"https:\/\/gruponova.com.mx\/en\/wp-json\/wp\/v2\/types\/page"}],"author":[{"embeddable":true,"href":"https:\/\/gruponova.com.mx\/en\/wp-json\/wp\/v2\/users\/1"}],"replies":[{"embeddable":true,"href":"https:\/\/gruponova.com.mx\/en\/wp-json\/wp\/v2\/comments?post=1000"}],"version-history":[{"count":64,"href":"https:\/\/gruponova.com.mx\/en\/wp-json\/wp\/v2\/pages\/1000\/revisions"}],"predecessor-version":[{"id":1668,"href":"https:\/\/gruponova.com.mx\/en\/wp-json\/wp\/v2\/pages\/1000\/revisions\/1668"}],"wp:attachment":[{"href":"https:\/\/gruponova.com.mx\/en\/wp-json\/wp\/v2\/media?parent=1000"}],"curies":[{"name":"wp","href":"https:\/\/api.w.org\/{rel}","templated":true}]}}