{"id":777,"date":"2025-02-23T13:14:51","date_gmt":"2025-02-23T18:14:51","guid":{"rendered":"https:\/\/gruponova.com.mx\/?page_id=777"},"modified":"2025-03-12T09:45:11","modified_gmt":"2025-03-12T14:45:11","slug":"clinica-amerimed-tulum","status":"publish","type":"page","link":"https:\/\/gruponova.com.mx\/en\/clinica-amerimed-tulum\/","title":{"rendered":"Amerimed Tulum Clinic"},"content":{"rendered":"<div data-elementor-type=\"wp-page\" data-elementor-id=\"777\" class=\"elementor elementor-777\">\n\t\t\t\t<div class=\"elementor-element elementor-element-6e18b50c e-con-full e-flex e-con e-parent\" data-id=\"6e18b50c\" data-element_type=\"container\" data-settings=\"{&quot;background_background&quot;:&quot;classic&quot;}\">\n\t\t<div class=\"elementor-element elementor-element-39732f08 e-con-full e-flex e-con e-child\" data-id=\"39732f08\" data-element_type=\"container\">\n\t\t\t\t<div class=\"elementor-element elementor-element-2328f681 elementor-widget elementor-widget-heading\" data-id=\"2328f681\" data-element_type=\"widget\" data-widget_type=\"heading.default\">\n\t\t\t\t<div class=\"elementor-widget-container\">\n\t\t\t\t\t<h1 class=\"elementor-heading-title elementor-size-default\">Amerimed Clinic<\/h1>\t\t\t\t<\/div>\n\t\t\t\t<\/div>\n\t\t\t\t<div class=\"elementor-element elementor-element-ff728b7 elementor-widget elementor-widget-text-editor\" data-id=\"ff728b7\" data-element_type=\"widget\" data-widget_type=\"text-editor.default\">\n\t\t\t\t<div class=\"elementor-widget-container\">\n\t\t\t\t\t\t\t\t\t<p>Tulum<\/p>\t\t\t\t\t\t\t\t<\/div>\n\t\t\t\t<\/div>\n\t\t\t\t<\/div>\n\t\t<div class=\"elementor-element elementor-element-9f6a247 e-con-full e-flex e-con e-child\" data-id=\"9f6a247\" data-element_type=\"container\">\n\t\t\t\t<div class=\"elementor-element elementor-element-11251f41 elementor-widget elementor-widget-image\" data-id=\"11251f41\" data-element_type=\"widget\" data-widget_type=\"image.default\">\n\t\t\t\t<div class=\"elementor-widget-container\">\n\t\t\t\t\t\t\t\t\t\t\t\t\t\t\t<img fetchpriority=\"high\" decoding=\"async\" width=\"564\" height=\"442\" src=\"https:\/\/gruponova.com.mx\/wp-content\/uploads\/2025\/02\/rs_w_1160_h_442-_3_.webp\" class=\"attachment-large size-large wp-image-1415\" alt=\"\" srcset=\"https:\/\/gruponova.com.mx\/wp-content\/uploads\/2025\/02\/rs_w_1160_h_442-_3_.webp 564w, https:\/\/gruponova.com.mx\/wp-content\/uploads\/2025\/02\/rs_w_1160_h_442-_3_-300x235.webp 300w, https:\/\/gruponova.com.mx\/wp-content\/uploads\/2025\/02\/rs_w_1160_h_442-_3_-15x12.webp 15w\" sizes=\"(max-width: 564px) 100vw, 564px\" \/>\t\t\t\t\t\t\t\t\t\t\t\t\t\t\t<\/div>\n\t\t\t\t<\/div>\n\t\t\t\t<\/div>\n\t\t\t\t<\/div>\n\t\t<div class=\"elementor-element elementor-element-1a3d3070 e-flex e-con-boxed e-con e-parent\" data-id=\"1a3d3070\" data-element_type=\"container\">\n\t\t\t\t\t<div class=\"e-con-inner\">\n\t\t<div class=\"elementor-element elementor-element-2f263778 e-con-full e-flex e-con e-child\" data-id=\"2f263778\" data-element_type=\"container\">\n\t\t<div class=\"elementor-element elementor-element-7de61054 e-con-full e-flex e-con e-child\" data-id=\"7de61054\" data-element_type=\"container\">\n\t\t\t\t<div class=\"elementor-element elementor-element-234459ca elementor-widget elementor-widget-image\" data-id=\"234459ca\" data-element_type=\"widget\" data-widget_type=\"image.default\">\n\t\t\t\t<div class=\"elementor-widget-container\">\n\t\t\t\t\t\t\t\t\t\t\t\t\t\t\t<img decoding=\"async\" width=\"1024\" height=\"689\" src=\"https:\/\/gruponova.com.mx\/wp-content\/uploads\/2025\/02\/rsw_1160h_780-1024x689.webp\" class=\"attachment-large size-large wp-image-780\" alt=\"\" srcset=\"https:\/\/gruponova.com.mx\/wp-content\/uploads\/2025\/02\/rsw_1160h_780-1024x689.webp 1024w, https:\/\/gruponova.com.mx\/wp-content\/uploads\/2025\/02\/rsw_1160h_780-300x202.webp 300w, https:\/\/gruponova.com.mx\/wp-content\/uploads\/2025\/02\/rsw_1160h_780-768x516.webp 768w, https:\/\/gruponova.com.mx\/wp-content\/uploads\/2025\/02\/rsw_1160h_780-600x403.webp 600w, https:\/\/gruponova.com.mx\/wp-content\/uploads\/2025\/02\/rsw_1160h_780.webp 1160w\" sizes=\"(max-width: 1024px) 100vw, 1024px\" \/>\t\t\t\t\t\t\t\t\t\t\t\t\t\t\t<\/div>\n\t\t\t\t<\/div>\n\t\t\t\t<div class=\"elementor-element elementor-element-555cc00c elementor-widget elementor-widget-image\" data-id=\"555cc00c\" data-element_type=\"widget\" data-widget_type=\"image.default\">\n\t\t\t\t<div class=\"elementor-widget-container\">\n\t\t\t\t\t\t\t\t\t\t\t\t\t\t\t<img decoding=\"async\" width=\"1024\" height=\"390\" src=\"https:\/\/gruponova.com.mx\/wp-content\/uploads\/2025\/02\/rsw_1160h_442-1024x390.webp\" class=\"attachment-large size-large wp-image-785\" alt=\"\" srcset=\"https:\/\/gruponova.com.mx\/wp-content\/uploads\/2025\/02\/rsw_1160h_442-1024x390.webp 1024w, https:\/\/gruponova.com.mx\/wp-content\/uploads\/2025\/02\/rsw_1160h_442-300x114.webp 300w, https:\/\/gruponova.com.mx\/wp-content\/uploads\/2025\/02\/rsw_1160h_442-768x293.webp 768w, https:\/\/gruponova.com.mx\/wp-content\/uploads\/2025\/02\/rsw_1160h_442-600x229.webp 600w, https:\/\/gruponova.com.mx\/wp-content\/uploads\/2025\/02\/rsw_1160h_442.webp 1160w\" sizes=\"(max-width: 1024px) 100vw, 1024px\" \/>\t\t\t\t\t\t\t\t\t\t\t\t\t\t\t<\/div>\n\t\t\t\t<\/div>\n\t\t\t\t<\/div>\n\t\t<div class=\"elementor-element elementor-element-784dd4ab e-con-full e-flex e-con e-child\" data-id=\"784dd4ab\" data-element_type=\"container\">\n\t\t\t\t<div class=\"elementor-element elementor-element-6fc687d4 elementor-widget elementor-widget-image\" data-id=\"6fc687d4\" data-element_type=\"widget\" data-widget_type=\"image.default\">\n\t\t\t\t<div class=\"elementor-widget-container\">\n\t\t\t\t\t\t\t\t\t\t\t\t\t\t\t<img loading=\"lazy\" decoding=\"async\" width=\"1024\" height=\"580\" src=\"https:\/\/gruponova.com.mx\/wp-content\/uploads\/2025\/02\/rsw_1160h_657-1-1024x580.webp\" class=\"attachment-large size-large wp-image-784\" alt=\"\" srcset=\"https:\/\/gruponova.com.mx\/wp-content\/uploads\/2025\/02\/rsw_1160h_657-1-1024x580.webp 1024w, https:\/\/gruponova.com.mx\/wp-content\/uploads\/2025\/02\/rsw_1160h_657-1-300x170.webp 300w, https:\/\/gruponova.com.mx\/wp-content\/uploads\/2025\/02\/rsw_1160h_657-1-768x435.webp 768w, https:\/\/gruponova.com.mx\/wp-content\/uploads\/2025\/02\/rsw_1160h_657-1-600x340.webp 600w, https:\/\/gruponova.com.mx\/wp-content\/uploads\/2025\/02\/rsw_1160h_657-1.webp 1160w\" sizes=\"(max-width: 1024px) 100vw, 1024px\" \/>\t\t\t\t\t\t\t\t\t\t\t\t\t\t\t<\/div>\n\t\t\t\t<\/div>\n\t\t\t\t<div class=\"elementor-element elementor-element-7f72d8ba elementor-widget elementor-widget-image\" data-id=\"7f72d8ba\" data-element_type=\"widget\" data-widget_type=\"image.default\">\n\t\t\t\t<div class=\"elementor-widget-container\">\n\t\t\t\t\t\t\t\t\t\t\t\t\t\t\t<img loading=\"lazy\" decoding=\"async\" width=\"1024\" height=\"667\" src=\"https:\/\/gruponova.com.mx\/wp-content\/uploads\/2025\/02\/rsw_1160h_756-1024x667.webp\" class=\"attachment-large size-large wp-image-782\" alt=\"\" srcset=\"https:\/\/gruponova.com.mx\/wp-content\/uploads\/2025\/02\/rsw_1160h_756-1024x667.webp 1024w, https:\/\/gruponova.com.mx\/wp-content\/uploads\/2025\/02\/rsw_1160h_756-300x196.webp 300w, https:\/\/gruponova.com.mx\/wp-content\/uploads\/2025\/02\/rsw_1160h_756-768x501.webp 768w, https:\/\/gruponova.com.mx\/wp-content\/uploads\/2025\/02\/rsw_1160h_756-600x391.webp 600w, https:\/\/gruponova.com.mx\/wp-content\/uploads\/2025\/02\/rsw_1160h_756.webp 1160w\" sizes=\"(max-width: 1024px) 100vw, 1024px\" \/>\t\t\t\t\t\t\t\t\t\t\t\t\t\t\t<\/div>\n\t\t\t\t<\/div>\n\t\t\t\t<\/div>\n\t\t\t\t<\/div>\n\t\t<div class=\"elementor-element elementor-element-3bd0ca2c e-con-full e-flex e-con e-child\" data-id=\"3bd0ca2c\" data-element_type=\"container\">\n\t\t\t\t<div class=\"elementor-element elementor-element-54f4730c elementor-widget elementor-widget-heading\" data-id=\"54f4730c\" data-element_type=\"widget\" data-widget_type=\"heading.default\">\n\t\t\t\t<div class=\"elementor-widget-container\">\n\t\t\t\t\t<h3 class=\"elementor-heading-title elementor-size-default\">About<\/h3>\t\t\t\t<\/div>\n\t\t\t\t<\/div>\n\t\t\t\t<div class=\"elementor-element elementor-element-762612cc elementor-widget elementor-widget-text-editor\" data-id=\"762612cc\" data-element_type=\"widget\" data-widget_type=\"text-editor.default\">\n\t\t\t\t<div class=\"elementor-widget-container\">\n\t\t\t\t\t\t\t\t\t<p data-start=\"314\" data-end=\"667\">The <strong data-start=\"317\" data-end=\"343\">Amerimed Tulum Clinic<\/strong> is an architectural project designed to provide high-quality medical services in one of the fastest-growing and most in-demand areas of the Riviera Maya. This development merges <strong data-start=\"526\" data-end=\"565\">technology, comfort and functionality<\/strong>, ensuring an exceptional experience for both patients and healthcare professionals.<\/p><h2 data-start=\"669\" data-end=\"702\">\u00a0<\/h2>\t\t\t\t\t\t\t\t<\/div>\n\t\t\t\t<\/div>\n\t\t\t\t<div class=\"elementor-element elementor-element-4e36f059 elementor-mobile-align-center elementor-invisible elementor-widget elementor-widget-button\" data-id=\"4e36f059\" data-element_type=\"widget\" data-settings=\"{&quot;_animation&quot;:&quot;fadeInDown&quot;}\" data-widget_type=\"button.default\">\n\t\t\t\t<div class=\"elementor-widget-container\">\n\t\t\t\t\t\t\t\t\t<div class=\"elementor-button-wrapper\">\n\t\t\t\t\t<a class=\"elementor-button elementor-button-link elementor-size-sm\" href=\"https:\/\/wa.link\/91ucri\">\n\t\t\t\t\t\t<span class=\"elementor-button-content-wrapper\">\n\t\t\t\t\t\t\t\t\t<span class=\"elementor-button-text\">Contact an Advisor<\/span>\n\t\t\t\t\t<\/span>\n\t\t\t\t\t<\/a>\n\t\t\t\t<\/div>\n\t\t\t\t\t\t\t\t<\/div>\n\t\t\t\t<\/div>\n\t\t\t\t<\/div>\n\t\t\t\t\t<\/div>\n\t\t\t\t<\/div>\n\t\t<div class=\"elementor-element elementor-element-7f76907f e-con-full e-flex e-con e-parent\" data-id=\"7f76907f\" data-element_type=\"container\" data-settings=\"{&quot;background_background&quot;:&quot;classic&quot;}\">\n\t\t\t\t<div class=\"elementor-element elementor-element-36e3f950 elementor-widget elementor-widget-heading\" data-id=\"36e3f950\" data-element_type=\"widget\" data-widget_type=\"heading.default\">\n\t\t\t\t<div class=\"elementor-widget-container\">\n\t\t\t\t\t<h3 class=\"elementor-heading-title elementor-size-default\">Characteristics <\/h3>\t\t\t\t<\/div>\n\t\t\t\t<\/div>\n\t\t<div class=\"elementor-element elementor-element-3599e1a9 e-con-full e-flex e-con e-child\" data-id=\"3599e1a9\" data-element_type=\"container\">\n\t\t\t\t<div class=\"elementor-element elementor-element-bd4782b elementor-widget__width-initial elementor-widget elementor-widget-icon-box\" data-id=\"bd4782b\" data-element_type=\"widget\" data-widget_type=\"icon-box.default\">\n\t\t\t\t<div class=\"elementor-widget-container\">\n\t\t\t\t\t\t\t<div class=\"elementor-icon-box-wrapper\">\n\n\t\t\t\n\t\t\t\t\t\t<div class=\"elementor-icon-box-content\">\n\n\t\t\t\t\t\t\t\t\t<h4 class=\"elementor-icon-box-title\">\n\t\t\t\t\t\t<span  >\n\t\t\t\t\t\t\tSustainability and efficiency\t\t\t\t\t\t<\/span>\n\t\t\t\t\t<\/h4>\n\t\t\t\t\n\t\t\t\t\t\t\t\t\t<p class=\"elementor-icon-box-description\">\n\t\t\t\t\t\tenergetic in every detail of the design.\t\t\t\t\t<\/p>\n\t\t\t\t\n\t\t\t<\/div>\n\t\t\t\n\t\t<\/div>\n\t\t\t\t\t\t<\/div>\n\t\t\t\t<\/div>\n\t\t\t\t<div class=\"elementor-element elementor-element-401f5ca2 elementor-widget__width-initial elementor-widget elementor-widget-icon-box\" data-id=\"401f5ca2\" data-element_type=\"widget\" data-widget_type=\"icon-box.default\">\n\t\t\t\t<div class=\"elementor-widget-container\">\n\t\t\t\t\t\t\t<div class=\"elementor-icon-box-wrapper\">\n\n\t\t\t\n\t\t\t\t\t\t<div class=\"elementor-icon-box-content\">\n\n\t\t\t\t\t\t\t\t\t<h4 class=\"elementor-icon-box-title\">\n\t\t\t\t\t\t<span  >\n\t\t\t\t\t\t\tHigh demand for services\t\t\t\t\t\t<\/span>\n\t\t\t\t\t<\/h4>\n\t\t\t\t\n\t\t\t\t\t\t\t\t\t<p class=\"elementor-icon-box-description\">\n\t\t\t\t\t\tdoctors in an ever-expanding area.\n\t\t\t\t\t<\/p>\n\t\t\t\t\n\t\t\t<\/div>\n\t\t\t\n\t\t<\/div>\n\t\t\t\t\t\t<\/div>\n\t\t\t\t<\/div>\n\t\t\t\t<div class=\"elementor-element elementor-element-4bf92b70 elementor-widget__width-initial elementor-widget elementor-widget-icon-box\" data-id=\"4bf92b70\" data-element_type=\"widget\" data-widget_type=\"icon-box.default\">\n\t\t\t\t<div class=\"elementor-widget-container\">\n\t\t\t\t\t\t\t<div class=\"elementor-icon-box-wrapper\">\n\n\t\t\t\n\t\t\t\t\t\t<div class=\"elementor-icon-box-content\">\n\n\t\t\t\t\t\t\t\t\t<h4 class=\"elementor-icon-box-title\">\n\t\t\t\t\t\t<span  >\n\t\t\t\t\t\t\tPremium infrastructure\t\t\t\t\t\t<\/span>\n\t\t\t\t\t<\/h4>\n\t\t\t\t\n\t\t\t\t\t\t\t\t\t<p class=\"elementor-icon-box-description\">\n\t\t\t\t\t\tthat meets the highest quality standards.\t\t\t\t\t<\/p>\n\t\t\t\t\n\t\t\t<\/div>\n\t\t\t\n\t\t<\/div>\n\t\t\t\t\t\t<\/div>\n\t\t\t\t<\/div>\n\t\t\t\t<\/div>\n\t\t\t\t<\/div>\n\t\t<div class=\"elementor-element elementor-element-33381a18 e-con-full e-flex e-con e-parent\" data-id=\"33381a18\" data-element_type=\"container\" id=\"next\">\n\t\t\t\t<div class=\"elementor-element elementor-element-2df095f elementor-widget elementor-widget-heading\" data-id=\"2df095f\" data-element_type=\"widget\" data-widget_type=\"heading.default\">\n\t\t\t\t<div class=\"elementor-widget-container\">\n\t\t\t\t\t<h3 class=\"elementor-heading-title elementor-size-default\">Architectural View  <\/h3>\t\t\t\t<\/div>\n\t\t\t\t<\/div>\n\t\t<div class=\"elementor-element elementor-element-74d4a5b8 e-con-full e-flex e-con e-child\" data-id=\"74d4a5b8\" data-element_type=\"container\">\n\t\t<div class=\"elementor-element elementor-element-1e8a8e2b e-con-full e-flex e-con e-child\" data-id=\"1e8a8e2b\" data-element_type=\"container\">\n\t\t\t\t<div class=\"elementor-element elementor-element-2524b581 elementor-position-top elementor-widget elementor-widget-image-box\" data-id=\"2524b581\" data-element_type=\"widget\" data-widget_type=\"image-box.default\">\n\t\t\t\t<div class=\"elementor-widget-container\">\n\t\t\t\t\t<div class=\"elementor-image-box-wrapper\"><figure class=\"elementor-image-box-img\"><a href=\"#\" tabindex=\"-1\"><img loading=\"lazy\" decoding=\"async\" width=\"1160\" height=\"780\" src=\"https:\/\/gruponova.com.mx\/wp-content\/uploads\/2025\/02\/rsw_1160h_780.webp\" class=\"elementor-animation-grow attachment-full size-full wp-image-780\" alt=\"\" srcset=\"https:\/\/gruponova.com.mx\/wp-content\/uploads\/2025\/02\/rsw_1160h_780.webp 1160w, https:\/\/gruponova.com.mx\/wp-content\/uploads\/2025\/02\/rsw_1160h_780-300x202.webp 300w, https:\/\/gruponova.com.mx\/wp-content\/uploads\/2025\/02\/rsw_1160h_780-1024x689.webp 1024w, https:\/\/gruponova.com.mx\/wp-content\/uploads\/2025\/02\/rsw_1160h_780-768x516.webp 768w, https:\/\/gruponova.com.mx\/wp-content\/uploads\/2025\/02\/rsw_1160h_780-600x403.webp 600w\" sizes=\"(max-width: 1160px) 100vw, 1160px\" \/><\/a><\/figure><div class=\"elementor-image-box-content\"><h4 class=\"elementor-image-box-title\"><a href=\"#\">Frontal<\/a><\/h4><\/div><\/div>\t\t\t\t<\/div>\n\t\t\t\t<\/div>\n\t\t\t\t<\/div>\n\t\t<div class=\"elementor-element elementor-element-1f0ee5e3 e-con-full e-flex e-con e-child\" data-id=\"1f0ee5e3\" data-element_type=\"container\">\n\t\t\t\t<div class=\"elementor-element elementor-element-7305eca4 elementor-position-top elementor-widget elementor-widget-image-box\" data-id=\"7305eca4\" data-element_type=\"widget\" data-widget_type=\"image-box.default\">\n\t\t\t\t<div class=\"elementor-widget-container\">\n\t\t\t\t\t<div class=\"elementor-image-box-wrapper\"><figure class=\"elementor-image-box-img\"><a href=\"#\" tabindex=\"-1\"><img loading=\"lazy\" decoding=\"async\" width=\"1160\" height=\"756\" src=\"https:\/\/gruponova.com.mx\/wp-content\/uploads\/2025\/02\/rsw_1160h_756.webp\" class=\"elementor-animation-grow attachment-full size-full wp-image-782\" alt=\"\" srcset=\"https:\/\/gruponova.com.mx\/wp-content\/uploads\/2025\/02\/rsw_1160h_756.webp 1160w, https:\/\/gruponova.com.mx\/wp-content\/uploads\/2025\/02\/rsw_1160h_756-300x196.webp 300w, https:\/\/gruponova.com.mx\/wp-content\/uploads\/2025\/02\/rsw_1160h_756-1024x667.webp 1024w, https:\/\/gruponova.com.mx\/wp-content\/uploads\/2025\/02\/rsw_1160h_756-768x501.webp 768w, https:\/\/gruponova.com.mx\/wp-content\/uploads\/2025\/02\/rsw_1160h_756-600x391.webp 600w\" sizes=\"(max-width: 1160px) 100vw, 1160px\" \/><\/a><\/figure><div class=\"elementor-image-box-content\"><h4 class=\"elementor-image-box-title\"><a href=\"#\">Rear<\/a><\/h4><\/div><\/div>\t\t\t\t<\/div>\n\t\t\t\t<\/div>\n\t\t\t\t<\/div>\n\t\t<div class=\"elementor-element elementor-element-27448fac e-con-full e-flex e-con e-child\" data-id=\"27448fac\" data-element_type=\"container\">\n\t\t\t\t<div class=\"elementor-element elementor-element-f9e4297 elementor-position-top elementor-widget elementor-widget-image-box\" data-id=\"f9e4297\" data-element_type=\"widget\" data-widget_type=\"image-box.default\">\n\t\t\t\t<div class=\"elementor-widget-container\">\n\t\t\t\t\t<div class=\"elementor-image-box-wrapper\"><figure class=\"elementor-image-box-img\"><a href=\"#\" tabindex=\"-1\"><img loading=\"lazy\" decoding=\"async\" width=\"1160\" height=\"769\" src=\"https:\/\/gruponova.com.mx\/wp-content\/uploads\/2025\/02\/rsw_1160h_769.webp\" class=\"elementor-animation-grow attachment-full size-full wp-image-781\" alt=\"\" srcset=\"https:\/\/gruponova.com.mx\/wp-content\/uploads\/2025\/02\/rsw_1160h_769.webp 1160w, https:\/\/gruponova.com.mx\/wp-content\/uploads\/2025\/02\/rsw_1160h_769-300x199.webp 300w, https:\/\/gruponova.com.mx\/wp-content\/uploads\/2025\/02\/rsw_1160h_769-1024x679.webp 1024w, https:\/\/gruponova.com.mx\/wp-content\/uploads\/2025\/02\/rsw_1160h_769-768x509.webp 768w, https:\/\/gruponova.com.mx\/wp-content\/uploads\/2025\/02\/rsw_1160h_769-600x398.webp 600w\" sizes=\"(max-width: 1160px) 100vw, 1160px\" \/><\/a><\/figure><div class=\"elementor-image-box-content\"><h4 class=\"elementor-image-box-title\"><a href=\"#\">Side<\/a><\/h4><\/div><\/div>\t\t\t\t<\/div>\n\t\t\t\t<\/div>\n\t\t\t\t<\/div>\n\t\t\t\t<\/div>\n\t\t\t\t<\/div>\n\t\t<div class=\"elementor-element elementor-element-46748c30 e-con-full e-flex e-con e-parent\" data-id=\"46748c30\" data-element_type=\"container\">\n\t\t\t\t<div class=\"elementor-element elementor-element-4e04c592 elementor-widget elementor-widget-heading\" data-id=\"4e04c592\" data-element_type=\"widget\" data-widget_type=\"heading.default\">\n\t\t\t\t<div class=\"elementor-widget-container\">\n\t\t\t\t\t<h3 class=\"elementor-heading-title elementor-size-default\">A State-of-the-Art Medical Center<\/h3>\t\t\t\t<\/div>\n\t\t\t\t<\/div>\n\t\t\t\t<div class=\"elementor-element elementor-element-55976722 elementor-widget elementor-widget-text-editor\" data-id=\"55976722\" data-element_type=\"widget\" data-widget_type=\"text-editor.default\">\n\t\t\t\t<div class=\"elementor-widget-container\">\n\t\t\t\t\t\t\t\t\t<p data-start=\"703\" data-end=\"906\">Located in the heart of <strong data-start=\"728\" data-end=\"737\">Tulum<\/strong>, this clinic is located in a key area with quick access to <strong data-start=\"803\" data-end=\"852\">residential, tourist and commercial areas<\/strong>, facilitating care for residents and visitors.<\/p><h2 data-start=\"908\" data-end=\"949\">\u00a0<\/h2>\t\t\t\t\t\t\t\t<\/div>\n\t\t\t\t<\/div>\n\t\t\t\t<div class=\"elementor-element elementor-element-3d0bd058 elementor-align-center elementor-mobile-align-center elementor-widget elementor-widget-button\" data-id=\"3d0bd058\" data-element_type=\"widget\" data-widget_type=\"button.default\">\n\t\t\t\t<div class=\"elementor-widget-container\">\n\t\t\t\t\t\t\t\t\t<div class=\"elementor-button-wrapper\">\n\t\t\t\t\t<a class=\"elementor-button elementor-button-link elementor-size-sm\" href=\"https:\/\/gruponova.com.mx\/en\/#dt_contact_form\">\n\t\t\t\t\t\t<span class=\"elementor-button-content-wrapper\">\n\t\t\t\t\t\t\t\t\t<span class=\"elementor-button-text\">Learn more about Cl\u00ednica Amerimed<\/span>\n\t\t\t\t\t<\/span>\n\t\t\t\t\t<\/a>\n\t\t\t\t<\/div>\n\t\t\t\t\t\t\t\t<\/div>\n\t\t\t\t<\/div>\n\t\t\t\t<div class=\"elementor-element elementor-element-2d19f4ab elementor-widget elementor-widget-image-gallery\" data-id=\"2d19f4ab\" data-element_type=\"widget\" data-widget_type=\"image-gallery.default\">\n\t\t\t\t<div class=\"elementor-widget-container\">\n\t\t\t\t\t\t\t<div class=\"elementor-image-gallery\">\n\t\t\t<div id='gallery-1' class='gallery galleryid-777 gallery-columns-4 gallery-size-woocommerce_thumbnail'><figure class='gallery-item'>\n\t\t\t<div class='gallery-icon landscape'>\n\t\t\t\t<a data-elementor-open-lightbox=\"yes\" data-elementor-lightbox-slideshow=\"2d19f4ab\" data-elementor-lightbox-title=\"rs=w_1160,h_442\" data-e-action-hash=\"#elementor-action%3Aaction%3Dlightbox%26settings%3DeyJpZCI6Nzg1LCJ1cmwiOiJodHRwczpcL1wvZ3J1cG9ub3ZhLmNvbS5teFwvd3AtY29udGVudFwvdXBsb2Fkc1wvMjAyNVwvMDJcL3Jzd18xMTYwaF80NDIud2VicCIsInNsaWRlc2hvdyI6IjJkMTlmNGFiIn0%3D\" href='https:\/\/gruponova.com.mx\/wp-content\/uploads\/2025\/02\/rsw_1160h_442.webp'><img loading=\"lazy\" decoding=\"async\" width=\"300\" height=\"300\" src=\"https:\/\/gruponova.com.mx\/wp-content\/uploads\/2025\/02\/rsw_1160h_442-300x300.webp\" class=\"attachment-woocommerce_thumbnail size-woocommerce_thumbnail\" alt=\"\" srcset=\"https:\/\/gruponova.com.mx\/wp-content\/uploads\/2025\/02\/rsw_1160h_442-300x300.webp 300w, https:\/\/gruponova.com.mx\/wp-content\/uploads\/2025\/02\/rsw_1160h_442-150x150.webp 150w, https:\/\/gruponova.com.mx\/wp-content\/uploads\/2025\/02\/rsw_1160h_442-100x100.webp 100w\" sizes=\"(max-width: 300px) 100vw, 300px\" \/><\/a>\n\t\t\t<\/div><\/figure><figure class='gallery-item'>\n\t\t\t<div class='gallery-icon landscape'>\n\t\t\t\t<a data-elementor-open-lightbox=\"yes\" data-elementor-lightbox-slideshow=\"2d19f4ab\" data-elementor-lightbox-title=\"rs=w_1160,h_657\" data-e-action-hash=\"#elementor-action%3Aaction%3Dlightbox%26settings%3DeyJpZCI6Nzg0LCJ1cmwiOiJodHRwczpcL1wvZ3J1cG9ub3ZhLmNvbS5teFwvd3AtY29udGVudFwvdXBsb2Fkc1wvMjAyNVwvMDJcL3Jzd18xMTYwaF82NTctMS53ZWJwIiwic2xpZGVzaG93IjoiMmQxOWY0YWIifQ%3D%3D\" href='https:\/\/gruponova.com.mx\/wp-content\/uploads\/2025\/02\/rsw_1160h_657-1.webp'><img loading=\"lazy\" decoding=\"async\" width=\"300\" height=\"300\" src=\"https:\/\/gruponova.com.mx\/wp-content\/uploads\/2025\/02\/rsw_1160h_657-1-300x300.webp\" class=\"attachment-woocommerce_thumbnail size-woocommerce_thumbnail\" alt=\"\" srcset=\"https:\/\/gruponova.com.mx\/wp-content\/uploads\/2025\/02\/rsw_1160h_657-1-300x300.webp 300w, https:\/\/gruponova.com.mx\/wp-content\/uploads\/2025\/02\/rsw_1160h_657-1-150x150.webp 150w, https:\/\/gruponova.com.mx\/wp-content\/uploads\/2025\/02\/rsw_1160h_657-1-100x100.webp 100w\" sizes=\"(max-width: 300px) 100vw, 300px\" \/><\/a>\n\t\t\t<\/div><\/figure>\n\t\t<\/div>\n\t\t<\/div>\n\t\t\t\t\t\t<\/div>\n\t\t\t\t<\/div>\n\t\t\t\t<\/div>\n\t\t\t\t<\/div>","protected":false},"excerpt":{"rendered":"<p>Cl\u00ednica Amerimed Tulum Acerca de La Cl\u00ednica Amerimed Tulum es un proyecto arquitect\u00f3nico dise\u00f1ado para brindar servicios m\u00e9dicos de alta calidad en una de las zonas con mayor crecimiento y&hellip;<\/p>","protected":false},"author":1,"featured_media":1317,"parent":0,"menu_order":0,"comment_status":"closed","ping_status":"closed","template":"elementor_header_footer","meta":{"content-type":"","footnotes":""},"class_list":["post-777","page","type-page","status-publish","has-post-thumbnail","hentry"],"_links":{"self":[{"href":"https:\/\/gruponova.com.mx\/en\/wp-json\/wp\/v2\/pages\/777","targetHints":{"allow":["GET"]}}],"collection":[{"href":"https:\/\/gruponova.com.mx\/en\/wp-json\/wp\/v2\/pages"}],"about":[{"href":"https:\/\/gruponova.com.mx\/en\/wp-json\/wp\/v2\/types\/page"}],"author":[{"embeddable":true,"href":"https:\/\/gruponova.com.mx\/en\/wp-json\/wp\/v2\/users\/1"}],"replies":[{"embeddable":true,"href":"https:\/\/gruponova.com.mx\/en\/wp-json\/wp\/v2\/comments?post=777"}],"version-history":[{"count":31,"href":"https:\/\/gruponova.com.mx\/en\/wp-json\/wp\/v2\/pages\/777\/revisions"}],"predecessor-version":[{"id":2189,"href":"https:\/\/gruponova.com.mx\/en\/wp-json\/wp\/v2\/pages\/777\/revisions\/2189"}],"wp:featuredmedia":[{"embeddable":true,"href":"https:\/\/gruponova.com.mx\/en\/wp-json\/wp\/v2\/media\/1317"}],"wp:attachment":[{"href":"https:\/\/gruponova.com.mx\/en\/wp-json\/wp\/v2\/media?parent=777"}],"curies":[{"name":"wp","href":"https:\/\/api.w.org\/{rel}","templated":true}]}}