{"id":903,"date":"2025-02-23T14:26:59","date_gmt":"2025-02-23T19:26:59","guid":{"rendered":"https:\/\/gruponova.com.mx\/?page_id=903"},"modified":"2025-03-07T12:10:32","modified_gmt":"2025-03-07T17:10:32","slug":"diseno-arquitectonico-personalizado","status":"publish","type":"page","link":"https:\/\/gruponova.com.mx\/en\/diseno-arquitectonico-personalizado\/","title":{"rendered":"Custom Architectural Design"},"content":{"rendered":"<div data-elementor-type=\"wp-page\" data-elementor-id=\"903\" class=\"elementor elementor-903\">\n\t\t\t\t<div class=\"elementor-element elementor-element-4c911a27 e-flex e-con-boxed e-con e-parent\" data-id=\"4c911a27\" data-element_type=\"container\" data-settings=\"{&quot;background_background&quot;:&quot;classic&quot;}\">\n\t\t\t\t\t<div class=\"e-con-inner\">\n\t\t\t\t<div class=\"elementor-element elementor-element-573b39a9 elementor-widget elementor-widget-heading\" data-id=\"573b39a9\" data-element_type=\"widget\" data-widget_type=\"heading.default\">\n\t\t\t\t<div class=\"elementor-widget-container\">\n\t\t\t\t\t<h1 class=\"elementor-heading-title elementor-size-default\">Custom Architectural Design<\/h1>\t\t\t\t<\/div>\n\t\t\t\t<\/div>\n\t\t\t\t<div class=\"elementor-element elementor-element-42544a25 elementor-widget elementor-widget-heading\" data-id=\"42544a25\" data-element_type=\"widget\" data-widget_type=\"heading.default\">\n\t\t\t\t<div class=\"elementor-widget-container\">\n\t\t\t\t\t<h5 class=\"elementor-heading-title elementor-size-default\">Turn Your Vision into Reality with Grupo Nova<\/h5>\t\t\t\t<\/div>\n\t\t\t\t<\/div>\n\t\t\t\t\t<\/div>\n\t\t\t\t<\/div>\n\t\t<div class=\"elementor-element elementor-element-6d8824e4 e-con-full e-flex e-con e-parent\" data-id=\"6d8824e4\" data-element_type=\"container\" data-settings=\"{&quot;background_background&quot;:&quot;classic&quot;}\">\n\t\t<div class=\"elementor-element elementor-element-236d6fc1 e-con-full e-flex e-con e-child\" data-id=\"236d6fc1\" data-element_type=\"container\">\n\t\t\t\t<div class=\"elementor-element elementor-element-59575d5 elementor-widget elementor-widget-heading\" data-id=\"59575d5\" data-element_type=\"widget\" data-widget_type=\"heading.default\">\n\t\t\t\t<div class=\"elementor-widget-container\">\n\t\t\t\t\t<h2 class=\"elementor-heading-title elementor-size-default\"> We create spaces that reflect your style and needs.<\/h2>\t\t\t\t<\/div>\n\t\t\t\t<\/div>\n\t\t\t\t<div class=\"elementor-element elementor-element-77c0af7e elementor-widget elementor-widget-text-editor\" data-id=\"77c0af7e\" data-element_type=\"widget\" data-widget_type=\"text-editor.default\">\n\t\t\t\t<div class=\"elementor-widget-container\">\n\t\t\t\t\t\t\t\t\t<p data-start=\"363\" data-end=\"618\">In <strong data-start=\"366\" data-end=\"380\">Grupo Nova<\/strong>, transform ideas into <strong data-start=\"405\" data-end=\"458\">innovative and functional architectural designs<\/strong>. We specialize in creating custom-made projects that combine <strong data-start=\"520\" data-end=\"554\">aesthetics, efficiency and quality<\/strong> to achieve unique spaces that suit your needs.<\/p>\t\t\t\t\t\t\t\t<\/div>\n\t\t\t\t<\/div>\n\t\t\t\t<\/div>\n\t\t<div class=\"elementor-element elementor-element-527883ee e-con-full e-flex e-con e-child\" data-id=\"527883ee\" data-element_type=\"container\">\n\t\t\t\t<div class=\"elementor-element elementor-element-63cf38da elementor-widget elementor-widget-image\" data-id=\"63cf38da\" data-element_type=\"widget\" data-widget_type=\"image.default\">\n\t\t\t\t<div class=\"elementor-widget-container\">\n\t\t\t\t\t\t\t\t\t\t\t\t\t\t\t<img fetchpriority=\"high\" decoding=\"async\" width=\"1024\" height=\"480\" src=\"https:\/\/gruponova.com.mx\/wp-content\/uploads\/2025\/03\/ef-1024x480.jpg\" class=\"attachment-large size-large wp-image-1499\" alt=\"\" srcset=\"https:\/\/gruponova.com.mx\/wp-content\/uploads\/2025\/03\/ef-1024x480.jpg 1024w, https:\/\/gruponova.com.mx\/wp-content\/uploads\/2025\/03\/ef-300x141.jpg 300w, https:\/\/gruponova.com.mx\/wp-content\/uploads\/2025\/03\/ef-768x360.jpg 768w, https:\/\/gruponova.com.mx\/wp-content\/uploads\/2025\/03\/ef-1536x720.jpg 1536w, https:\/\/gruponova.com.mx\/wp-content\/uploads\/2025\/03\/ef-18x8.jpg 18w, https:\/\/gruponova.com.mx\/wp-content\/uploads\/2025\/03\/ef-600x281.jpg 600w, https:\/\/gruponova.com.mx\/wp-content\/uploads\/2025\/03\/ef.jpg 1920w\" sizes=\"(max-width: 1024px) 100vw, 1024px\" \/>\t\t\t\t\t\t\t\t\t\t\t\t\t\t\t<\/div>\n\t\t\t\t<\/div>\n\t\t\t\t<\/div>\n\t\t\t\t<\/div>\n\t\t<div class=\"elementor-element elementor-element-348346d8 e-con-full e-flex e-con e-parent\" data-id=\"348346d8\" data-element_type=\"container\" data-settings=\"{&quot;background_background&quot;:&quot;classic&quot;}\">\n\t\t<div class=\"elementor-element elementor-element-3bb13222 e-con-full e-flex e-con e-child\" data-id=\"3bb13222\" data-element_type=\"container\">\n\t\t\t\t<div class=\"elementor-element elementor-element-5051edde elementor-widget elementor-widget-text-editor\" data-id=\"5051edde\" data-element_type=\"widget\" data-widget_type=\"text-editor.default\">\n\t\t\t\t<div class=\"elementor-widget-container\">\n\t\t\t\t\t\t\t\t\t<p><b>Exclusive and Unique Design<br \/><\/b>Each project is designed from the ground up, ensuring that your space reflects your personality, lifestyle and goals.<\/p><p><b>\u00a0Adaptation to the Environment<br \/><\/b>We optimize the integration of the design with its surroundings, ensuring a balance between nature, functionality and current regulations.<\/p>\t\t\t\t\t\t\t\t<\/div>\n\t\t\t\t<\/div>\n\t\t\t\t<\/div>\n\t\t<div class=\"elementor-element elementor-element-736447ca e-con-full e-flex e-con e-child\" data-id=\"736447ca\" data-element_type=\"container\">\n\t\t\t\t<div class=\"elementor-element elementor-element-87f85c3 elementor-widget elementor-widget-heading\" data-id=\"87f85c3\" data-element_type=\"widget\" data-widget_type=\"heading.default\">\n\t\t\t\t<div class=\"elementor-widget-container\">\n\t\t\t\t\t<h2 class=\"elementor-heading-title elementor-size-default\">Why Choose Our Architectural Design Service?<\/h2>\t\t\t\t<\/div>\n\t\t\t\t<\/div>\n\t\t\t\t<\/div>\n\t\t\t\t<\/div>\n\t\t<div class=\"elementor-element elementor-element-2e9b9c2d e-con-full e-flex e-con e-parent\" data-id=\"2e9b9c2d\" data-element_type=\"container\" data-settings=\"{&quot;background_background&quot;:&quot;classic&quot;}\">\n\t\t<div class=\"elementor-element elementor-element-325921ab e-con-full e-flex e-con e-child\" data-id=\"325921ab\" data-element_type=\"container\">\n\t\t\t\t<div class=\"elementor-element elementor-element-3d362b5b elementor-widget elementor-widget-heading\" data-id=\"3d362b5b\" data-element_type=\"widget\" data-widget_type=\"heading.default\">\n\t\t\t\t<div class=\"elementor-widget-container\">\n\t\t\t\t\t<h2 class=\"elementor-heading-title elementor-size-default\">Our Architectural Design Process<\/h2>\t\t\t\t<\/div>\n\t\t\t\t<\/div>\n\t\t<div class=\"elementor-element elementor-element-6517eca e-con-full e-flex e-con e-child\" data-id=\"6517eca\" data-element_type=\"container\">\n\t\t\t\t<div class=\"elementor-element elementor-element-74be0a2 elementor-position-top elementor-position-top elementor-widget elementor-widget-image-box\" data-id=\"74be0a2\" data-element_type=\"widget\" data-widget_type=\"image-box.default\">\n\t\t\t\t<div class=\"elementor-widget-container\">\n\t\t\t\t\t<div class=\"elementor-image-box-wrapper\"><figure class=\"elementor-image-box-img\"><img decoding=\"async\" src=\"https:\/\/gruponova.com.mx\/wp-content\/uploads\/elementor\/thumbs\/Diseno-sin-titulo-9-r2gznruuzfuookrbpv3skk178tdym830gg7xn1eglk.jpg\" title=\"Dise\u00f1o sin t\u00edtulo (9)\" alt=\"Dise\u00f1o sin t\u00edtulo (9)\" loading=\"lazy\" \/><\/figure><div class=\"elementor-image-box-content\"><h3 class=\"elementor-image-box-title\">1\ufe0f\u20e3 Conceptualization<\/h3><p class=\"elementor-image-box-description\">Initial meeting to know your vision, needs and expectations. Analysis of the land and regulations to define the possibilities of the project.<\/p><\/div><\/div>\t\t\t\t<\/div>\n\t\t\t\t<\/div>\n\t\t\t\t<div class=\"elementor-element elementor-element-a2d9f4c elementor-position-top elementor-position-top elementor-widget elementor-widget-image-box\" data-id=\"a2d9f4c\" data-element_type=\"widget\" data-widget_type=\"image-box.default\">\n\t\t\t\t<div class=\"elementor-widget-container\">\n\t\t\t\t\t<div class=\"elementor-image-box-wrapper\"><figure class=\"elementor-image-box-img\"><img decoding=\"async\" src=\"https:\/\/gruponova.com.mx\/wp-content\/uploads\/elementor\/thumbs\/img117-r2boibf0vrnng8gilbe8b2g9cz7mid6ecehiwglthk.jpg\" title=\"img117\" alt=\"img117\" loading=\"lazy\" \/><\/figure><div class=\"elementor-image-box-content\"><h3 class=\"elementor-image-box-title\">2\ufe0f\u20e3 Sketching<\/h3><p class=\"elementor-image-box-description\">Development of ideas and first graphic representations, presentation of alternatives to refine details and further customize the design.<\/p><\/div><\/div>\t\t\t\t<\/div>\n\t\t\t\t<\/div>\n\t\t\t\t<div class=\"elementor-element elementor-element-69949f4 elementor-position-top elementor-position-top elementor-widget elementor-widget-image-box\" data-id=\"69949f4\" data-element_type=\"widget\" data-widget_type=\"image-box.default\">\n\t\t\t\t<div class=\"elementor-widget-container\">\n\t\t\t\t\t<div class=\"elementor-image-box-wrapper\"><figure class=\"elementor-image-box-img\"><img decoding=\"async\" src=\"https:\/\/gruponova.com.mx\/wp-content\/uploads\/elementor\/thumbs\/CADUP-01-r2bnpwqmc0rokhq0h1c4y8ir1r89voefrsp8req5jc.png\" title=\"CADUP -01\" alt=\"CADUP -01\" loading=\"lazy\" \/><\/figure><div class=\"elementor-image-box-content\"><h3 class=\"elementor-image-box-title\">3\ufe0f\u20e3 Renderings<\/h3><p class=\"elementor-image-box-description\">Creation of detailed architectural plans. 3D modeling and realistic renderings to visualize your project before building it.<\/p><\/div><\/div>\t\t\t\t<\/div>\n\t\t\t\t<\/div>\n\t\t\t\t<div class=\"elementor-element elementor-element-b1fb5ee elementor-position-top elementor-position-top elementor-widget elementor-widget-image-box\" data-id=\"b1fb5ee\" data-element_type=\"widget\" data-widget_type=\"image-box.default\">\n\t\t\t\t<div class=\"elementor-widget-container\">\n\t\t\t\t\t<div class=\"elementor-image-box-wrapper\"><figure class=\"elementor-image-box-img\"><img decoding=\"async\" src=\"https:\/\/gruponova.com.mx\/wp-content\/uploads\/elementor\/thumbs\/CADUP-02-r2boyqniak50aylpowykdf970c9hzzdk9otxri96rs.png\" title=\"CADUP-02\" alt=\"CADUP-02\" loading=\"lazy\" \/><\/figure><div class=\"elementor-image-box-content\"><h3 class=\"elementor-image-box-title\">4\ufe0f\u20e3 Final Delivery<\/h3><p class=\"elementor-image-box-description\">Documentation ready for permits and construction. Advice in the selection of materials and construction planning.<\/p><\/div><\/div>\t\t\t\t<\/div>\n\t\t\t\t<\/div>\n\t\t\t\t<\/div>\n\t\t\t\t<\/div>\n\t\t\t\t<\/div>\n\t\t<div class=\"elementor-element elementor-element-4213fe15 e-flex e-con-boxed e-con e-parent\" data-id=\"4213fe15\" data-element_type=\"container\" data-settings=\"{&quot;background_background&quot;:&quot;classic&quot;}\">\n\t\t\t\t\t<div class=\"e-con-inner\">\n\t\t\t\t<div class=\"elementor-element elementor-element-314aac1d elementor-widget elementor-widget-heading\" data-id=\"314aac1d\" data-element_type=\"widget\" data-widget_type=\"heading.default\">\n\t\t\t\t<div class=\"elementor-widget-container\">\n\t\t\t\t\t<h3 class=\"elementor-heading-title elementor-size-default\">Turn Your Project into Reality Today<\/h3>\t\t\t\t<\/div>\n\t\t\t\t<\/div>\n\t\t\t\t<div class=\"elementor-element elementor-element-54bb174d elementor-widget elementor-widget-text-editor\" data-id=\"54bb174d\" data-element_type=\"widget\" data-widget_type=\"text-editor.default\">\n\t\t\t\t<div class=\"elementor-widget-container\">\n\t\t\t\t\t\t\t\t\t<p><strong data-start=\"2249\" data-end=\"2298\">Ready to design the space of your dreams?<\/strong><br \/>Let's work together on a design that exceeds your expectations.<\/p>\t\t\t\t\t\t\t\t<\/div>\n\t\t\t\t<\/div>\n\t\t\t\t<div class=\"elementor-element elementor-element-4fca5720 elementor-mobile-align-center elementor-align-center elementor-widget elementor-widget-button\" data-id=\"4fca5720\" data-element_type=\"widget\" data-widget_type=\"button.default\">\n\t\t\t\t<div class=\"elementor-widget-container\">\n\t\t\t\t\t\t\t\t\t<div class=\"elementor-button-wrapper\">\n\t\t\t\t\t<a class=\"elementor-button elementor-button-link elementor-size-sm\" href=\"https:\/\/wa.link\/ic2ulo\">\n\t\t\t\t\t\t<span class=\"elementor-button-content-wrapper\">\n\t\t\t\t\t\t\t\t\t<span class=\"elementor-button-text\">Request a Consultation<\/span>\n\t\t\t\t\t<\/span>\n\t\t\t\t\t<\/a>\n\t\t\t\t<\/div>\n\t\t\t\t\t\t\t\t<\/div>\n\t\t\t\t<\/div>\n\t\t\t\t\t<\/div>\n\t\t\t\t<\/div>\n\t\t\t\t<\/div>","protected":false},"excerpt":{"rendered":"<p>Dise\u00f1o Arquitect\u00f3nico Personalizado Convierte Tu Visi\u00f3n en Realidad con Grupo Nova Creamos Espacios Que Reflejan Tu Estilo y Necesidades En Grupo Nova, transformamos ideas en dise\u00f1os arquitect\u00f3nicos innovadores y funcionales.&hellip;<\/p>","protected":false},"author":1,"featured_media":0,"parent":0,"menu_order":0,"comment_status":"closed","ping_status":"closed","template":"elementor_header_footer","meta":{"content-type":"","footnotes":""},"class_list":["post-903","page","type-page","status-publish","hentry"],"_links":{"self":[{"href":"https:\/\/gruponova.com.mx\/en\/wp-json\/wp\/v2\/pages\/903","targetHints":{"allow":["GET"]}}],"collection":[{"href":"https:\/\/gruponova.com.mx\/en\/wp-json\/wp\/v2\/pages"}],"about":[{"href":"https:\/\/gruponova.com.mx\/en\/wp-json\/wp\/v2\/types\/page"}],"author":[{"embeddable":true,"href":"https:\/\/gruponova.com.mx\/en\/wp-json\/wp\/v2\/users\/1"}],"replies":[{"embeddable":true,"href":"https:\/\/gruponova.com.mx\/en\/wp-json\/wp\/v2\/comments?post=903"}],"version-history":[{"count":88,"href":"https:\/\/gruponova.com.mx\/en\/wp-json\/wp\/v2\/pages\/903\/revisions"}],"predecessor-version":[{"id":1659,"href":"https:\/\/gruponova.com.mx\/en\/wp-json\/wp\/v2\/pages\/903\/revisions\/1659"}],"wp:attachment":[{"href":"https:\/\/gruponova.com.mx\/en\/wp-json\/wp\/v2\/media?parent=903"}],"curies":[{"name":"wp","href":"https:\/\/api.w.org\/{rel}","templated":true}]}}