{"id":974,"date":"2025-02-23T15:41:55","date_gmt":"2025-02-23T20:41:55","guid":{"rendered":"https:\/\/gruponova.com.mx\/?page_id=974"},"modified":"2025-03-07T12:11:13","modified_gmt":"2025-03-07T17:11:13","slug":"gestion-de-permisos-y-licencias","status":"publish","type":"page","link":"https:\/\/gruponova.com.mx\/en\/gestion-de-permisos-y-licencias\/","title":{"rendered":"Management of Permits and Licenses"},"content":{"rendered":"<div data-elementor-type=\"wp-page\" data-elementor-id=\"974\" class=\"elementor elementor-974\">\n\t\t\t\t<div class=\"elementor-element elementor-element-3ccf5b35 e-flex e-con-boxed e-con e-parent\" data-id=\"3ccf5b35\" data-element_type=\"container\" data-settings=\"{&quot;background_background&quot;:&quot;classic&quot;}\">\n\t\t\t\t\t<div class=\"e-con-inner\">\n\t\t\t\t<div class=\"elementor-element elementor-element-7ec25a04 elementor-widget elementor-widget-heading\" data-id=\"7ec25a04\" data-element_type=\"widget\" data-widget_type=\"heading.default\">\n\t\t\t\t<div class=\"elementor-widget-container\">\n\t\t\t\t\t<h1 class=\"elementor-heading-title elementor-size-default\">Management of Permits and Licenses<\/h1>\t\t\t\t<\/div>\n\t\t\t\t<\/div>\n\t\t\t\t<div class=\"elementor-element elementor-element-6bda1d2b elementor-widget elementor-widget-heading\" data-id=\"6bda1d2b\" data-element_type=\"widget\" data-widget_type=\"heading.default\">\n\t\t\t\t<div class=\"elementor-widget-container\">\n\t\t\t\t\t<h5 class=\"elementor-heading-title elementor-size-default\">We take care of the paperwork, you focus on your project<\/h5>\t\t\t\t<\/div>\n\t\t\t\t<\/div>\n\t\t\t\t\t<\/div>\n\t\t\t\t<\/div>\n\t\t<div class=\"elementor-element elementor-element-499baf61 e-con-full e-flex e-con e-parent\" data-id=\"499baf61\" data-element_type=\"container\" data-settings=\"{&quot;background_background&quot;:&quot;classic&quot;}\">\n\t\t<div class=\"elementor-element elementor-element-9214519 e-con-full e-flex e-con e-child\" data-id=\"9214519\" data-element_type=\"container\">\n\t\t\t\t<div class=\"elementor-element elementor-element-16dc018e elementor-widget elementor-widget-heading\" data-id=\"16dc018e\" data-element_type=\"widget\" data-widget_type=\"heading.default\">\n\t\t\t\t<div class=\"elementor-widget-container\">\n\t\t\t\t\t<h2 class=\"elementor-heading-title elementor-size-default\">Your project, without administrative barriers<\/h2>\t\t\t\t<\/div>\n\t\t\t\t<\/div>\n\t\t\t\t<div class=\"elementor-element elementor-element-6b97fbcb elementor-widget elementor-widget-text-editor\" data-id=\"6b97fbcb\" data-element_type=\"widget\" data-widget_type=\"text-editor.default\">\n\t\t\t\t<div class=\"elementor-widget-container\">\n\t\t\t\t\t\t\t\t\t<p data-start=\"460\" data-end=\"776\">Managing permits and licenses can be a complex and time-consuming process. In <strong data-start=\"474\" data-end=\"488\">Grupo <\/strong><strong data-start=\"535\" data-end=\"549\">Nova<\/strong>, We take care of every step to ensure your real estate development moves forward smoothly. From environmental impact studies to construction permits, we ensure your project complies with all regulations.<\/p><ul data-start=\"901\" data-end=\"1049\"><li data-start=\"901\" data-end=\"932\">Avoid delays and penalties.<\/li><li data-start=\"933\" data-end=\"977\">Ensure the legality of your construction.<\/li><li data-start=\"978\" data-end=\"1049\">Streamline the process with regulatory experts.<\/li><\/ul>\t\t\t\t\t\t\t\t<\/div>\n\t\t\t\t<\/div>\n\t\t\t\t<\/div>\n\t\t<div class=\"elementor-element elementor-element-305fa3a1 e-con-full e-flex e-con e-child\" data-id=\"305fa3a1\" data-element_type=\"container\">\n\t\t\t\t<div class=\"elementor-element elementor-element-1acc5415 elementor-widget elementor-widget-image\" data-id=\"1acc5415\" data-element_type=\"widget\" data-widget_type=\"image.default\">\n\t\t\t\t<div class=\"elementor-widget-container\">\n\t\t\t\t\t\t\t\t\t\t\t\t\t\t\t<img fetchpriority=\"high\" decoding=\"async\" width=\"871\" height=\"580\" src=\"https:\/\/gruponova.com.mx\/wp-content\/uploads\/2025\/03\/premium_photo-1661549683908-b11e9855c469.avif\" class=\"attachment-large size-large wp-image-1451\" alt=\"\" srcset=\"https:\/\/gruponova.com.mx\/wp-content\/uploads\/2025\/03\/premium_photo-1661549683908-b11e9855c469.avif 871w, https:\/\/gruponova.com.mx\/wp-content\/uploads\/2025\/03\/premium_photo-1661549683908-b11e9855c469-300x200.avif 300w, https:\/\/gruponova.com.mx\/wp-content\/uploads\/2025\/03\/premium_photo-1661549683908-b11e9855c469-768x511.avif 768w, https:\/\/gruponova.com.mx\/wp-content\/uploads\/2025\/03\/premium_photo-1661549683908-b11e9855c469-18x12.avif 18w, https:\/\/gruponova.com.mx\/wp-content\/uploads\/2025\/03\/premium_photo-1661549683908-b11e9855c469-600x400.avif 600w\" sizes=\"(max-width: 871px) 100vw, 871px\" \/>\t\t\t\t\t\t\t\t\t\t\t\t\t\t\t<\/div>\n\t\t\t\t<\/div>\n\t\t\t\t<\/div>\n\t\t\t\t<\/div>\n\t\t<div class=\"elementor-element elementor-element-7d0f04fb e-con-full e-flex e-con e-parent\" data-id=\"7d0f04fb\" data-element_type=\"container\" data-settings=\"{&quot;background_background&quot;:&quot;classic&quot;}\">\n\t\t<div class=\"elementor-element elementor-element-13c9a3a7 e-con-full e-flex e-con e-child\" data-id=\"13c9a3a7\" data-element_type=\"container\">\n\t\t\t\t<div class=\"elementor-element elementor-element-63fc11c2 elementor-widget elementor-widget-text-editor\" data-id=\"63fc11c2\" data-element_type=\"widget\" data-widget_type=\"text-editor.default\">\n\t\t\t\t<div class=\"elementor-widget-container\">\n\t\t\t\t\t\t\t\t\t<p>Obtaining permits and licenses is essential to ensure that any construction project complies with current regulations, avoiding potential penalties and delays. This process may include obtaining authorizations for earthworks, new construction, structural modifications, and more, depending on local legislation.<\/p>\t\t\t\t\t\t\t\t<\/div>\n\t\t\t\t<\/div>\n\t\t\t\t<\/div>\n\t\t<div class=\"elementor-element elementor-element-4dbd80b e-con-full e-flex e-con e-child\" data-id=\"4dbd80b\" data-element_type=\"container\">\n\t\t\t\t<div class=\"elementor-element elementor-element-4d21402a elementor-widget elementor-widget-heading\" data-id=\"4d21402a\" data-element_type=\"widget\" data-widget_type=\"heading.default\">\n\t\t\t\t<div class=\"elementor-widget-container\">\n\t\t\t\t\t<h2 class=\"elementor-heading-title elementor-size-default\">Why is this service key?<\/h2>\t\t\t\t<\/div>\n\t\t\t\t<\/div>\n\t\t\t\t<\/div>\n\t\t\t\t<\/div>\n\t\t<div class=\"elementor-element elementor-element-1cbf4acf e-con-full e-flex e-con e-parent\" data-id=\"1cbf4acf\" data-element_type=\"container\" data-settings=\"{&quot;background_background&quot;:&quot;classic&quot;}\">\n\t\t<div class=\"elementor-element elementor-element-20970689 e-con-full e-flex e-con e-child\" data-id=\"20970689\" data-element_type=\"container\">\n\t\t\t\t<div class=\"elementor-element elementor-element-4dd062bd elementor-widget elementor-widget-heading\" data-id=\"4dd062bd\" data-element_type=\"widget\" data-widget_type=\"heading.default\">\n\t\t\t\t<div class=\"elementor-widget-container\">\n\t\t\t\t\t<h2 class=\"elementor-heading-title elementor-size-default\">Our Process<\/h2>\t\t\t\t<\/div>\n\t\t\t\t<\/div>\n\t\t<div class=\"elementor-element elementor-element-7f9ea544 e-con-full e-flex e-con e-child\" data-id=\"7f9ea544\" data-element_type=\"container\">\n\t\t\t\t<div class=\"elementor-element elementor-element-e60fe39 elementor-position-top elementor-position-top elementor-widget elementor-widget-image-box\" data-id=\"e60fe39\" data-element_type=\"widget\" data-widget_type=\"image-box.default\">\n\t\t\t\t<div class=\"elementor-widget-container\">\n\t\t\t\t\t<div class=\"elementor-image-box-wrapper\"><figure class=\"elementor-image-box-img\"><img decoding=\"async\" src=\"https:\/\/gruponova.com.mx\/wp-content\/uploads\/elementor\/thumbs\/news-12-r28iqbxfjok7c23u9sy5zobwh7sykeebv5kvr1rjig.jpg\" title=\"news-12\" alt=\"news-12\" loading=\"lazy\" \/><\/figure><div class=\"elementor-image-box-content\"><h3 class=\"elementor-image-box-title\">1\ufe0f\u20e3 Requirements Analysis<\/h3><p class=\"elementor-image-box-description\">We review what permits and licenses you need based on your project.<\/p><\/div><\/div>\t\t\t\t<\/div>\n\t\t\t\t<\/div>\n\t\t\t\t<div class=\"elementor-element elementor-element-44848322 elementor-position-top elementor-position-top elementor-widget elementor-widget-image-box\" data-id=\"44848322\" data-element_type=\"widget\" data-widget_type=\"image-box.default\">\n\t\t\t\t<div class=\"elementor-widget-container\">\n\t\t\t\t\t<div class=\"elementor-image-box-wrapper\"><figure class=\"elementor-image-box-img\"><img decoding=\"async\" src=\"https:\/\/gruponova.com.mx\/wp-content\/uploads\/elementor\/thumbs\/news-9-r28iqbxfjok7c23u9sy5zobwh7sykeebv5kvr1rjig.jpg\" title=\"news-9\" alt=\"news-9\" loading=\"lazy\" \/><\/figure><div class=\"elementor-image-box-content\"><h3 class=\"elementor-image-box-title\">2\ufe0f\u20e3 Management and Processing<\/h3><p class=\"elementor-image-box-description\">We take care of submitting the documentation and managing the processes.<\/p><\/div><\/div>\t\t\t\t<\/div>\n\t\t\t\t<\/div>\n\t\t\t\t<div class=\"elementor-element elementor-element-5b0ad668 elementor-position-top elementor-position-top elementor-widget elementor-widget-image-box\" data-id=\"5b0ad668\" data-element_type=\"widget\" data-widget_type=\"image-box.default\">\n\t\t\t\t<div class=\"elementor-widget-container\">\n\t\t\t\t\t<div class=\"elementor-image-box-wrapper\"><figure class=\"elementor-image-box-img\"><img decoding=\"async\" src=\"https:\/\/gruponova.com.mx\/wp-content\/uploads\/elementor\/thumbs\/gente-negocios-disenador-arquitectos-trabajo-equipo-lluvia-ideas-planificacion-oficina-reunion-ai-generado_994744-275-r28iqbxfjok7c23u9sy5zobwh7sykeebv5kvr1rjig.jpg\" title=\"people-business-designer-architects-teamwork-brainstorming-planning-office-meeting-AI-generated_994744-275\" alt=\"gente-negocios-disenador-arquitectos-trabajo-equipo-lluvia-ideas-planificacion-oficina-reunion-ai-generado_994744-275\" loading=\"lazy\" \/><\/figure><div class=\"elementor-image-box-content\"><h3 class=\"elementor-image-box-title\">3\ufe0f\u20e3 Monitoring and Resolution<\/h3><p class=\"elementor-image-box-description\">We make sure your project moves forward without legal obstacles.<\/p><\/div><\/div>\t\t\t\t<\/div>\n\t\t\t\t<\/div>\n\t\t\t\t<\/div>\n\t\t\t\t<\/div>\n\t\t\t\t<\/div>\n\t\t<div class=\"elementor-element elementor-element-315c3f16 e-flex e-con-boxed e-con e-parent\" data-id=\"315c3f16\" data-element_type=\"container\" data-settings=\"{&quot;background_background&quot;:&quot;classic&quot;}\">\n\t\t\t\t\t<div class=\"e-con-inner\">\n\t\t\t\t<div class=\"elementor-element elementor-element-5eb69c2 elementor-widget elementor-widget-heading\" data-id=\"5eb69c2\" data-element_type=\"widget\" data-widget_type=\"heading.default\">\n\t\t\t\t<div class=\"elementor-widget-container\">\n\t\t\t\t\t<h3 class=\"elementor-heading-title elementor-size-default\">Leave the bureaucratic process to us<\/h3>\t\t\t\t<\/div>\n\t\t\t\t<\/div>\n\t\t\t\t<div class=\"elementor-element elementor-element-3964f9e4 elementor-widget elementor-widget-text-editor\" data-id=\"3964f9e4\" data-element_type=\"widget\" data-widget_type=\"text-editor.default\">\n\t\t\t\t<div class=\"elementor-widget-container\">\n\t\t\t\t\t\t\t\t\t<p><strong data-start=\"2249\" data-end=\"2298\">Don&#039;t let paperwork stop your development.<\/strong> <br \/>With Grupo Nova, you&#039;ll get professional, transparent, and efficient service.<\/p>\t\t\t\t\t\t\t\t<\/div>\n\t\t\t\t<\/div>\n\t\t\t\t<div class=\"elementor-element elementor-element-3134c904 elementor-mobile-align-center elementor-align-center elementor-widget elementor-widget-button\" data-id=\"3134c904\" data-element_type=\"widget\" data-widget_type=\"button.default\">\n\t\t\t\t<div class=\"elementor-widget-container\">\n\t\t\t\t\t\t\t\t\t<div class=\"elementor-button-wrapper\">\n\t\t\t\t\t<a class=\"elementor-button elementor-button-link elementor-size-sm\" href=\"https:\/\/wa.link\/w05f80\">\n\t\t\t\t\t\t<span class=\"elementor-button-content-wrapper\">\n\t\t\t\t\t\t\t\t\t<span class=\"elementor-button-text\">Request a Consultation<\/span>\n\t\t\t\t\t<\/span>\n\t\t\t\t\t<\/a>\n\t\t\t\t<\/div>\n\t\t\t\t\t\t\t\t<\/div>\n\t\t\t\t<\/div>\n\t\t\t\t\t<\/div>\n\t\t\t\t<\/div>\n\t\t\t\t<\/div>","protected":false},"excerpt":{"rendered":"<p>Gesti\u00f3n de Permisos y Licencias Nos encargamos de los tr\u00e1mites, t\u00fa enf\u00f3cate en tu proyecto Tu proyecto, sin barreras administrativas Gestionar permisos y licencias puede ser un proceso complejo y&hellip;<\/p>","protected":false},"author":1,"featured_media":0,"parent":0,"menu_order":0,"comment_status":"closed","ping_status":"closed","template":"elementor_header_footer","meta":{"content-type":"","footnotes":""},"class_list":["post-974","page","type-page","status-publish","hentry"],"_links":{"self":[{"href":"https:\/\/gruponova.com.mx\/en\/wp-json\/wp\/v2\/pages\/974","targetHints":{"allow":["GET"]}}],"collection":[{"href":"https:\/\/gruponova.com.mx\/en\/wp-json\/wp\/v2\/pages"}],"about":[{"href":"https:\/\/gruponova.com.mx\/en\/wp-json\/wp\/v2\/types\/page"}],"author":[{"embeddable":true,"href":"https:\/\/gruponova.com.mx\/en\/wp-json\/wp\/v2\/users\/1"}],"replies":[{"embeddable":true,"href":"https:\/\/gruponova.com.mx\/en\/wp-json\/wp\/v2\/comments?post=974"}],"version-history":[{"count":49,"href":"https:\/\/gruponova.com.mx\/en\/wp-json\/wp\/v2\/pages\/974\/revisions"}],"predecessor-version":[{"id":1662,"href":"https:\/\/gruponova.com.mx\/en\/wp-json\/wp\/v2\/pages\/974\/revisions\/1662"}],"wp:attachment":[{"href":"https:\/\/gruponova.com.mx\/en\/wp-json\/wp\/v2\/media?parent=974"}],"curies":[{"name":"wp","href":"https:\/\/api.w.org\/{rel}","templated":true}]}}