{"id":987,"date":"2025-02-23T15:54:48","date_gmt":"2025-02-23T20:54:48","guid":{"rendered":"https:\/\/gruponova.com.mx\/?page_id=987"},"modified":"2025-03-07T12:11:43","modified_gmt":"2025-03-07T17:11:43","slug":"construccion-y-supervision-de-obras","status":"publish","type":"page","link":"https:\/\/gruponova.com.mx\/en\/construccion-y-supervision-de-obras\/","title":{"rendered":"Project Construction and Supervision"},"content":{"rendered":"<div data-elementor-type=\"wp-page\" data-elementor-id=\"987\" class=\"elementor elementor-987\">\n\t\t\t\t<div class=\"elementor-element elementor-element-292029ba e-flex e-con-boxed e-con e-parent\" data-id=\"292029ba\" data-element_type=\"container\" data-settings=\"{&quot;background_background&quot;:&quot;classic&quot;}\">\n\t\t\t\t\t<div class=\"e-con-inner\">\n\t\t\t\t<div class=\"elementor-element elementor-element-321a02ee elementor-widget elementor-widget-heading\" data-id=\"321a02ee\" data-element_type=\"widget\" data-widget_type=\"heading.default\">\n\t\t\t\t<div class=\"elementor-widget-container\">\n\t\t\t\t\t<h1 class=\"elementor-heading-title elementor-size-default\">Project Construction and Supervision<\/h1>\t\t\t\t<\/div>\n\t\t\t\t<\/div>\n\t\t\t\t<div class=\"elementor-element elementor-element-5ef35cdb elementor-widget elementor-widget-heading\" data-id=\"5ef35cdb\" data-element_type=\"widget\" data-widget_type=\"heading.default\">\n\t\t\t\t<div class=\"elementor-widget-container\">\n\t\t\t\t\t<h5 class=\"elementor-heading-title elementor-size-default\">We materialize your vision with quality, efficiency and transparency<\/h5>\t\t\t\t<\/div>\n\t\t\t\t<\/div>\n\t\t\t\t\t<\/div>\n\t\t\t\t<\/div>\n\t\t<div class=\"elementor-element elementor-element-5a6909dc e-con-full e-flex e-con e-parent\" data-id=\"5a6909dc\" data-element_type=\"container\" data-settings=\"{&quot;background_background&quot;:&quot;classic&quot;}\">\n\t\t<div class=\"elementor-element elementor-element-5d9f0f9a e-con-full e-flex e-con e-child\" data-id=\"5d9f0f9a\" data-element_type=\"container\">\n\t\t\t\t<div class=\"elementor-element elementor-element-12570293 elementor-widget elementor-widget-heading\" data-id=\"12570293\" data-element_type=\"widget\" data-widget_type=\"heading.default\">\n\t\t\t\t<div class=\"elementor-widget-container\">\n\t\t\t\t\t<h2 class=\"elementor-heading-title elementor-size-default\">Your project in the hands of experts, from start to finish.<\/h2>\t\t\t\t<\/div>\n\t\t\t\t<\/div>\n\t\t\t\t<div class=\"elementor-element elementor-element-2a3a1553 elementor-widget elementor-widget-text-editor\" data-id=\"2a3a1553\" data-element_type=\"widget\" data-widget_type=\"text-editor.default\">\n\t\t\t\t<div class=\"elementor-widget-container\">\n\t\t\t\t\t\t\t\t\t<p data-start=\"474\" data-end=\"694\">In <strong data-start=\"477\" data-end=\"491\">Grupo Nova<\/strong>, We transform ideas into solid, functional, and high-value structures. Whether it's a residential, commercial, or industrial project, we guarantee flawless execution, optimal timelines, and regulatory compliance.<\/p><p data-start=\"696\" data-end=\"772\">Services throughout the region, tailored to each type of construction.<\/p>\t\t\t\t\t\t\t\t<\/div>\n\t\t\t\t<\/div>\n\t\t\t\t<\/div>\n\t\t<div class=\"elementor-element elementor-element-326f3efe e-con-full e-flex e-con e-child\" data-id=\"326f3efe\" data-element_type=\"container\">\n\t\t\t\t<div class=\"elementor-element elementor-element-3d59deb8 elementor-widget elementor-widget-image\" data-id=\"3d59deb8\" data-element_type=\"widget\" data-widget_type=\"image.default\">\n\t\t\t\t<div class=\"elementor-widget-container\">\n\t\t\t\t\t\t\t\t\t\t\t\t\t\t\t<img fetchpriority=\"high\" decoding=\"async\" width=\"1024\" height=\"480\" src=\"https:\/\/gruponova.com.mx\/wp-content\/uploads\/2025\/03\/Diseno-sin-titulo-9-1024x480.png\" class=\"attachment-large size-large wp-image-1567\" alt=\"\" srcset=\"https:\/\/gruponova.com.mx\/wp-content\/uploads\/2025\/03\/Diseno-sin-titulo-9-1024x480.png 1024w, https:\/\/gruponova.com.mx\/wp-content\/uploads\/2025\/03\/Diseno-sin-titulo-9-300x141.png 300w, https:\/\/gruponova.com.mx\/wp-content\/uploads\/2025\/03\/Diseno-sin-titulo-9-768x360.png 768w, https:\/\/gruponova.com.mx\/wp-content\/uploads\/2025\/03\/Diseno-sin-titulo-9-1536x720.png 1536w, https:\/\/gruponova.com.mx\/wp-content\/uploads\/2025\/03\/Diseno-sin-titulo-9-18x8.png 18w, https:\/\/gruponova.com.mx\/wp-content\/uploads\/2025\/03\/Diseno-sin-titulo-9-600x281.png 600w, https:\/\/gruponova.com.mx\/wp-content\/uploads\/2025\/03\/Diseno-sin-titulo-9.png 1920w\" sizes=\"(max-width: 1024px) 100vw, 1024px\" \/>\t\t\t\t\t\t\t\t\t\t\t\t\t\t\t<\/div>\n\t\t\t\t<\/div>\n\t\t\t\t<\/div>\n\t\t\t\t<\/div>\n\t\t<div class=\"elementor-element elementor-element-b80ab4a e-con-full e-flex e-con e-parent\" data-id=\"b80ab4a\" data-element_type=\"container\" data-settings=\"{&quot;background_background&quot;:&quot;classic&quot;}\">\n\t\t<div class=\"elementor-element elementor-element-77ba4521 e-con-full e-flex e-con e-child\" data-id=\"77ba4521\" data-element_type=\"container\">\n\t\t\t\t<div class=\"elementor-element elementor-element-4e62faa2 elementor-widget elementor-widget-text-editor\" data-id=\"4e62faa2\" data-element_type=\"widget\" data-widget_type=\"text-editor.default\">\n\t\t\t\t<div class=\"elementor-widget-container\">\n\t\t\t\t\t\t\t\t\t<p data-start=\"2577\" data-end=\"2640\"><strong>Trust, experience and commitment to each project.<\/strong><\/p><p data-start=\"2642\" data-end=\"2854\">\u2013 More than 20 years in the industry.<br data-start=\"2681\" data-end=\"2684\" \/>\u2013 Successful projects throughout the region.<br data-start=\"2728\" data-end=\"2731\" \/>\u2013 Regulatory compliance and cost optimization.<br data-start=\"2786\" data-end=\"2789\" \/>\u2013 Constant supervision to avoid errors and cost overruns.<\/p><p data-start=\"2856\" data-end=\"2920\"><strong>We transform ideas into safe and durable structures.<\/strong><\/p>\t\t\t\t\t\t\t\t<\/div>\n\t\t\t\t<\/div>\n\t\t\t\t<\/div>\n\t\t<div class=\"elementor-element elementor-element-2ebaf525 e-con-full e-flex e-con e-child\" data-id=\"2ebaf525\" data-element_type=\"container\">\n\t\t\t\t<div class=\"elementor-element elementor-element-89164f9 elementor-widget elementor-widget-heading\" data-id=\"89164f9\" data-element_type=\"widget\" data-widget_type=\"heading.default\">\n\t\t\t\t<div class=\"elementor-widget-container\">\n\t\t\t\t\t<h2 class=\"elementor-heading-title elementor-size-default\">Why Choose Nova Group?<\/h2>\t\t\t\t<\/div>\n\t\t\t\t<\/div>\n\t\t\t\t<\/div>\n\t\t\t\t<\/div>\n\t\t<div class=\"elementor-element elementor-element-5ec32f8c e-con-full e-flex e-con e-parent\" data-id=\"5ec32f8c\" data-element_type=\"container\" data-settings=\"{&quot;background_background&quot;:&quot;classic&quot;}\">\n\t\t<div class=\"elementor-element elementor-element-73cb3cf e-con-full e-flex e-con e-child\" data-id=\"73cb3cf\" data-element_type=\"container\">\n\t\t\t\t<div class=\"elementor-element elementor-element-52e4d1c4 elementor-widget elementor-widget-heading\" data-id=\"52e4d1c4\" data-element_type=\"widget\" data-widget_type=\"heading.default\">\n\t\t\t\t<div class=\"elementor-widget-container\">\n\t\t\t\t\t<h2 class=\"elementor-heading-title elementor-size-default\">Our Work Process<\/h2>\t\t\t\t<\/div>\n\t\t\t\t<\/div>\n\t\t<div class=\"elementor-element elementor-element-709002f1 e-con-full e-flex e-con e-child\" data-id=\"709002f1\" data-element_type=\"container\">\n\t\t\t\t<div class=\"elementor-element elementor-element-680dbb5d elementor-position-top elementor-position-top elementor-widget elementor-widget-image-box\" data-id=\"680dbb5d\" data-element_type=\"widget\" data-widget_type=\"image-box.default\">\n\t\t\t\t<div class=\"elementor-widget-container\">\n\t\t\t\t\t<div class=\"elementor-image-box-wrapper\"><figure class=\"elementor-image-box-img\"><img decoding=\"async\" src=\"https:\/\/gruponova.com.mx\/wp-content\/uploads\/elementor\/thumbs\/rsw_1160h_750-_1_-r2h2oww8ix98qm86f1gc30jybfg8d1d0sn5jnnku4o.webp\" title=\"rsw_1160h_750-_1_\" alt=\"rsw_1160h_750-_1_\" loading=\"lazy\" \/><\/figure><div class=\"elementor-image-box-content\"><h3 class=\"elementor-image-box-title\">1\ufe0f\u20e3 Planning and Design<\/h3><p class=\"elementor-image-box-description\">We define times, materials and costs according to the scope of the project.<\/p><\/div><\/div>\t\t\t\t<\/div>\n\t\t\t\t<\/div>\n\t\t\t\t<div class=\"elementor-element elementor-element-af58c0f elementor-position-top elementor-position-top elementor-widget elementor-widget-image-box\" data-id=\"af58c0f\" data-element_type=\"widget\" data-widget_type=\"image-box.default\">\n\t\t\t\t<div class=\"elementor-widget-container\">\n\t\t\t\t\t<div class=\"elementor-image-box-wrapper\"><figure class=\"elementor-image-box-img\"><img decoding=\"async\" src=\"https:\/\/gruponova.com.mx\/wp-content\/uploads\/elementor\/thumbs\/Diseno-sin-titulo-14-r2h3ze0yg0vmsipv14o9dacfpadky9v8iodtw6o2h4.jpg\" title=\"Untitled Design (14)\" alt=\"Dise\u00f1o sin t\u00edtulo (14)\" loading=\"lazy\" \/><\/figure><div class=\"elementor-image-box-content\"><h3 class=\"elementor-image-box-title\">2\ufe0f\u20e3 Execution and Construction<\/h3><p class=\"elementor-image-box-description\">Construction under quality standards and supervision at every stage.<\/p><\/div><\/div>\t\t\t\t<\/div>\n\t\t\t\t<\/div>\n\t\t\t\t<div class=\"elementor-element elementor-element-45c9ab0c elementor-position-top elementor-position-top elementor-widget elementor-widget-image-box\" data-id=\"45c9ab0c\" data-element_type=\"widget\" data-widget_type=\"image-box.default\">\n\t\t\t\t<div class=\"elementor-widget-container\">\n\t\t\t\t\t<div class=\"elementor-image-box-wrapper\"><figure class=\"elementor-image-box-img\"><img decoding=\"async\" src=\"https:\/\/gruponova.com.mx\/wp-content\/uploads\/elementor\/thumbs\/Diseno-sin-titulo-13-r2h2uw59zzfwlbjii4hwg08icnzabq3jy8jqk0pojs.jpg\" title=\"Untitled Design (13)\" alt=\"Dise\u00f1o sin t\u00edtulo (13)\" loading=\"lazy\" \/><\/figure><div class=\"elementor-image-box-content\"><h3 class=\"elementor-image-box-title\">3\ufe0f\u20e3 Supervision and Quality<\/h3><p class=\"elementor-image-box-description\">Verification of regulations, safety and optimal finishes.<\/p><\/div><\/div>\t\t\t\t<\/div>\n\t\t\t\t<\/div>\n\t\t\t\t<\/div>\n\t\t\t\t<\/div>\n\t\t\t\t<\/div>\n\t\t<div class=\"elementor-element elementor-element-284453fc e-con-full e-flex e-con e-parent\" data-id=\"284453fc\" data-element_type=\"container\" data-settings=\"{&quot;background_background&quot;:&quot;classic&quot;}\">\n\t\t\t\t<div class=\"elementor-element elementor-element-6b639a06 elementor-widget elementor-widget-heading\" data-id=\"6b639a06\" data-element_type=\"widget\" data-widget_type=\"heading.default\">\n\t\t\t\t<div class=\"elementor-widget-container\">\n\t\t\t\t\t<h3 class=\"elementor-heading-title elementor-size-default\">Turn your vision into reality with Grupo Nova<\/h3>\t\t\t\t<\/div>\n\t\t\t\t<\/div>\n\t\t\t\t<div class=\"elementor-element elementor-element-41169c6b elementor-widget elementor-widget-text-editor\" data-id=\"41169c6b\" data-element_type=\"widget\" data-widget_type=\"text-editor.default\">\n\t\t\t\t<div class=\"elementor-widget-container\">\n\t\t\t\t\t\t\t\t\t<p><strong data-start=\"2249\" data-end=\"2298\">Don&#039;t leave your project in inexperienced hands.<\/strong><br \/>We build with excellence, supervise with precision, and deliver quality.<\/p>\t\t\t\t\t\t\t\t<\/div>\n\t\t\t\t<\/div>\n\t\t\t\t<div class=\"elementor-element elementor-element-11519ff2 elementor-mobile-align-center elementor-align-center elementor-widget elementor-widget-button\" data-id=\"11519ff2\" data-element_type=\"widget\" data-widget_type=\"button.default\">\n\t\t\t\t<div class=\"elementor-widget-container\">\n\t\t\t\t\t\t\t\t\t<div class=\"elementor-button-wrapper\">\n\t\t\t\t\t<a class=\"elementor-button elementor-button-link elementor-size-sm\" href=\"https:\/\/wa.link\/efyy5s\">\n\t\t\t\t\t\t<span class=\"elementor-button-content-wrapper\">\n\t\t\t\t\t\t\t\t\t<span class=\"elementor-button-text\">Request a Consultation<\/span>\n\t\t\t\t\t<\/span>\n\t\t\t\t\t<\/a>\n\t\t\t\t<\/div>\n\t\t\t\t\t\t\t\t<\/div>\n\t\t\t\t<\/div>\n\t\t\t\t<\/div>\n\t\t\t\t<\/div>","protected":false},"excerpt":{"rendered":"<p>Construcci\u00f3n y Supervisi\u00f3n de Obras Materializamos tu visi\u00f3n con calidad, eficiencia y transparencia Tu proyecto en manos de expertos, de principio a fin. En Grupo Nova, convertimos ideas en estructuras&hellip;<\/p>","protected":false},"author":1,"featured_media":0,"parent":0,"menu_order":0,"comment_status":"closed","ping_status":"closed","template":"elementor_header_footer","meta":{"content-type":"","footnotes":""},"class_list":["post-987","page","type-page","status-publish","hentry"],"_links":{"self":[{"href":"https:\/\/gruponova.com.mx\/en\/wp-json\/wp\/v2\/pages\/987","targetHints":{"allow":["GET"]}}],"collection":[{"href":"https:\/\/gruponova.com.mx\/en\/wp-json\/wp\/v2\/pages"}],"about":[{"href":"https:\/\/gruponova.com.mx\/en\/wp-json\/wp\/v2\/types\/page"}],"author":[{"embeddable":true,"href":"https:\/\/gruponova.com.mx\/en\/wp-json\/wp\/v2\/users\/1"}],"replies":[{"embeddable":true,"href":"https:\/\/gruponova.com.mx\/en\/wp-json\/wp\/v2\/comments?post=987"}],"version-history":[{"count":55,"href":"https:\/\/gruponova.com.mx\/en\/wp-json\/wp\/v2\/pages\/987\/revisions"}],"predecessor-version":[{"id":1665,"href":"https:\/\/gruponova.com.mx\/en\/wp-json\/wp\/v2\/pages\/987\/revisions\/1665"}],"wp:attachment":[{"href":"https:\/\/gruponova.com.mx\/en\/wp-json\/wp\/v2\/media?parent=987"}],"curies":[{"name":"wp","href":"https:\/\/api.w.org\/{rel}","templated":true}]}}